{"id":9562,"date":"2025-05-22T20:53:02","date_gmt":"2025-05-22T18:53:02","guid":{"rendered":"https:\/\/steamboat.se\/?page_id=9562"},"modified":"2026-03-23T15:22:32","modified_gmt":"2026-03-23T14:22:32","slug":"vanliga-fragor","status":"publish","type":"page","link":"https:\/\/steamboat.se\/en\/vanliga-fragor\/","title":{"rendered":"Vanliga fr\u00e5gor om fartygen"},"content":{"rendered":"\n<div class=\"wp-block-kadence-tabs alignnone\"><div class=\"kt-tabs-wrap kt-tabs-id9562_df03e0-19 kt-tabs-has-2-tabs kt-active-tab-1 kt-tabs-layout-tabs kt-tabs-tablet-layout-inherit kt-tabs-mobile-layout-inherit kt-tab-alignment-left \"><ul class=\"kt-tabs-title-list\"><li id=\"tab-ngarenbohusln\" class=\"kt-title-item kt-title-item-1 kt-tabs-svg-show-always kt-tabs-icon-side-right kt-tab-title-active\"><a href=\"#tab-ngarenbohusln\" data-tab=\"1\" class=\"kt-tab-title kt-tab-title-1 \"><span class=\"kt-title-text\">\u00c5ngaren BOHUSL\u00c4N<\/span><\/a><\/li><li id=\"tab-frjan4\" class=\"kt-title-item kt-title-item-2 kt-tabs-svg-show-always kt-tabs-icon-side-right kt-tab-title-inactive\"><a href=\"#tab-frjan4\" data-tab=\"2\" class=\"kt-tab-title kt-tab-title-2 \"><span class=\"kt-title-text\">F\u00e4rjan 4<\/span><\/a><\/li><\/ul><div class=\"kt-tabs-content-wrap\">\n<div class=\"wp-block-kadence-tab kt-tab-inner-content kt-inner-tab-1 kt-inner-taba38c27-3a\"><div class=\"kt-tab-inner-content-inner\">\n<div class=\"wp-block-kadence-column kadence-column9562_06c810-fe\" id=\"faq-bhn\"><div class=\"kt-inside-inner-col\">\n<h2 class=\"wp-block-heading has-text-align-center\">\u00c5ngaren BOHUSL\u00c4N<\/h2>\n\n\n\n<a href=\"https:\/\/steamboat.se\/sv_se\/bohuslan\/#tab-chartrafartyget\" class=\"kb-advanced-heading-link kt-adv-heading-link9562_7be8f4-08\"><h2 class=\"kt-adv-heading9562_7be8f4-08 wp-block-kadence-advancedheading\" data-kb-block=\"kb-adv-heading9562_7be8f4-08\">Chartra BOHUSL\u00c4N? &#8211; klicka h\u00e4r !<\/h2><\/a>\n\n\n\n<h3 class=\"wp-block-heading has-text-align-center\">Vanliga fr\u00e5gor med svar<\/h3>\n\n\n\n<div class=\"wp-block-getwid-accordion has-icon-left\" data-active-element=\"0\">\n<div class=\"wp-block-getwid-accordion__header-wrapper\"><span class=\"wp-block-getwid-accordion__header\"><a href=\"#\"><span class=\"wp-block-getwid-accordion__header-title\">Vad kostar det att hyra b\u00e5ten?<\/span><span class=\"wp-block-getwid-accordion__icon is-active\"><i class=\"fas fa-plus\"><\/i><\/span><span class=\"wp-block-getwid-accordion__icon is-passive\"><i class=\"fas fa-minus\"><\/i><\/span><\/a><\/span><\/div><div class=\"wp-block-getwid-accordion__content-wrapper\"><div class=\"wp-block-getwid-accordion__content\">\n<p>Svar: Grundavgiften \u00e4r 28 620 kr (inklusive 6 % moms). F\u00f6r detta f\u00e5r ni disponera fartyget under tre timmar r\u00e4knat fr\u00e5n avg\u00e5ng och \u00e5terkomst till v\u00e5r ordinarie kajplats vid Stenpiren. F\u00f6r tid ut\u00f6ver detta tillkommer 9 540 kr (inklusive 6 % moms) per p\u00e5b\u00f6rjad timma.<br>&#8211; Vi k\u00f6r normalt ifr\u00e5n mitten av maj till mitten av september<\/p>\n<\/div><\/div>\n\n\n\n<div class=\"wp-block-getwid-accordion__header-wrapper\"><span class=\"wp-block-getwid-accordion__header\"><a href=\"#\"><span class=\"wp-block-getwid-accordion__header-title\">Kan vi sj\u00e4lva st\u00e5 f\u00f6r alkoholen under v\u00e5r resa?<\/span><span class=\"wp-block-getwid-accordion__icon is-active\"><i class=\"fas fa-plus\"><\/i><\/span><span class=\"wp-block-getwid-accordion__icon is-passive\"><i class=\"fas fa-minus\"><\/i><\/span><\/a><\/span><\/div><div class=\"wp-block-getwid-accordion__content-wrapper\"><div class=\"wp-block-getwid-accordion__content\">\n<p>Svar: Nej, vi har ett serveringstillst\u00e5nd med fullst\u00e4ndiga r\u00e4ttigheter. Har du \u00f6nskem\u00e5l om n\u00e5gon speciell dryck s\u00e5 kontakta oss via <a href=\"Mailto:charter@steamboat.se\">charter@steamboat.s<\/a>e s\u00e5 tar vi in det f\u00f6r ert event.<\/p>\n\n\n\n<p>Egen mat eller dryck \u00e4r inte till\u00e5tet.<br><\/p>\n<\/div><\/div>\n\n\n\n<div class=\"wp-block-getwid-accordion__header-wrapper\"><span class=\"wp-block-getwid-accordion__header\"><a href=\"#\"><span class=\"wp-block-getwid-accordion__header-title\">Kan vi \u00e5ka vart vi vill?<\/span><span class=\"wp-block-getwid-accordion__icon is-active\"><i class=\"fas fa-plus\"><\/i><\/span><span class=\"wp-block-getwid-accordion__icon is-passive\"><i class=\"fas fa-minus\"><\/i><\/span><\/a><\/span><\/div><div class=\"wp-block-getwid-accordion__content-wrapper\"><div class=\"wp-block-getwid-accordion__content\">\n<p>Svar: Du f\u00e5r g\u00e4rna komma med \u00f6nskem\u00e5l och sj\u00e4lvklart tar vi er till er \u00f6nskade destination.  V\u00e5ra bef\u00e4lhavare avg\u00f6r hur vi tar oss dit beroende p\u00e5 v\u00e4der och vind.<br><\/p>\n<\/div><\/div>\n\n\n\n<div class=\"wp-block-getwid-accordion__header-wrapper\"><span class=\"wp-block-getwid-accordion__header\"><a href=\"#\"><span class=\"wp-block-getwid-accordion__header-title\">Om vi bara vill ha transport enkel resa, m\u00e5ste vi d\u00e5 betala \u00e4ven f\u00f6r b\u00e5tens \u00e5terresa.<\/span><span class=\"wp-block-getwid-accordion__icon is-active\"><i class=\"fas fa-plus\"><\/i><\/span><span class=\"wp-block-getwid-accordion__icon is-passive\"><i class=\"fas fa-minus\"><\/i><\/span><\/a><\/span><\/div><div class=\"wp-block-getwid-accordion__content-wrapper\"><div class=\"wp-block-getwid-accordion__content\">\n<p>Svar: Ja, du hyr b\u00e5ten fr\u00e5n och till ordinarie kajplats vid Stenpiren. Om vi sl\u00e4pper av er under resan r\u00e4knas restiden tills vi \u00e4r tillbaka vid Stenpiren. <\/p>\n<\/div><\/div>\n\n\n\n<div class=\"wp-block-getwid-accordion__header-wrapper\"><span class=\"wp-block-getwid-accordion__header\"><a href=\"#\"><span class=\"wp-block-getwid-accordion__header-title\">Vilken typ av mat kan ni servera?<\/span><span class=\"wp-block-getwid-accordion__icon is-active\"><i class=\"fas fa-plus\"><\/i><\/span><span class=\"wp-block-getwid-accordion__icon is-passive\"><i class=\"fas fa-minus\"><\/i><\/span><\/a><\/span><\/div><div class=\"wp-block-getwid-accordion__content-wrapper\"><div class=\"wp-block-getwid-accordion__content\">\n<p>Svar: Vid charter tar vi in catering fr\u00e5n externa leverant\u00f6rer, se v\u00e5r cateringmeny f\u00f6r f\u00f6rslag.<\/p>\n<\/div><\/div>\n\n\n\n<div class=\"wp-block-getwid-accordion__header-wrapper\"><span class=\"wp-block-getwid-accordion__header\"><a href=\"#\"><span class=\"wp-block-getwid-accordion__header-title\">Hur g\u00f6r man om man vill chartra b\u00e5ten?<\/span><span class=\"wp-block-getwid-accordion__icon is-active\"><i class=\"fas fa-plus\"><\/i><\/span><span class=\"wp-block-getwid-accordion__icon is-passive\"><i class=\"fas fa-minus\"><\/i><\/span><\/a><\/span><\/div><div class=\"wp-block-getwid-accordion__content-wrapper\"><div class=\"wp-block-getwid-accordion__content\">\n<p>Fyll i charterformul\u00e4ret s\u00e5 h\u00f6r vi av oss till dig via mail.<\/p>\n<\/div><\/div>\n<\/div>\n\n\n\n<div class=\"wp-block-kadence-spacer aligncenter kt-block-spacer-9562_78dab5-0b\"><div class=\"kt-block-spacer kt-block-spacer-halign-center\"><hr class=\"kt-divider\"\/><\/div><\/div>\n\n\n\n<p><\/p>\n\n\n\n<div class=\"wp-block-columns is-layout-flex wp-container-core-columns-is-layout-9d6595d7 wp-block-columns-is-layout-flex\">\n<div class=\"wp-block-column is-vertically-aligned-center is-layout-flow wp-block-column-is-layout-flow\">\n<figure class=\"wp-block-image size-full\"><img loading=\"lazy\" decoding=\"async\" width=\"150\" height=\"200\" src=\"https:\/\/steamboat.se\/wp-content\/uploads\/2023\/05\/Laxtallrik-YH.webp\" alt=\"\" class=\"wp-image-2170\"\/><\/figure>\n<\/div>\n\n\n\n<div class=\"wp-block-column is-layout-flow wp-block-column-is-layout-flow\">\n<figure class=\"wp-block-image size-full\"><img loading=\"lazy\" decoding=\"async\" width=\"158\" height=\"210\" src=\"https:\/\/steamboat.se\/wp-content\/uploads\/2023\/05\/charter-cafe-pax-2021.png\" alt=\"\" class=\"wp-image-2169\"\/><\/figure>\n<\/div>\n<\/div>\n<\/div><\/div>\n<\/div><\/div>\n\n\n\n<div class=\"wp-block-kadence-tab kt-tab-inner-content kt-inner-tab-2 kt-inner-tabfeb646-d4\"><div class=\"kt-tab-inner-content-inner\">\n<div class=\"wp-block-kadence-column kadence-column9562_a51945-d5\" id=\"faq-f4\"><div class=\"kt-inside-inner-col\">\n<h2 class=\"wp-block-heading has-text-align-center\">F\u00e4rjan 4<\/h2>\n\n\n\n<a href=\"https:\/\/steamboat.se\/sv_se\/farjan-4\/#tab-chartrafrjan\" class=\"kb-advanced-heading-link kt-adv-heading-link9562_6c1a0d-12\"><h2 class=\"kt-adv-heading9562_6c1a0d-12 wp-block-kadence-advancedheading\" data-kb-block=\"kb-adv-heading9562_6c1a0d-12\">Chartra F\u00e4rjan 4 ? &#8211; klicka h\u00e4r !<\/h2><\/a>\n\n\n\n<div class=\"wp-block-kadence-column kadence-column9562_81f9cc-b3\"><div class=\"kt-inside-inner-col\">\n<p style=\"font-size:16px\">F\u00c4RJAN 4 \u00e4r l\u00e4mplig f\u00f6r mindre s\u00e4llskap &#8211; det kan vara en personalutflykt, kundtr\u00e4ff eller varf\u00f6r inte ett glatt kamratg\u00e4ngsjippo. Resan g\u00e5r dit Du vill (bara vi inte tullar p\u00e5 s\u00e4kerheten). Guidad tur i hamnen \u00e4r ett f\u00f6rslag, liksom transport till Nya Varvet eller Nya \u00c4lvsborg, eller uppstr\u00f6ms p\u00e5 G\u00f6ta \u00e4lv.<\/p>\n<\/div><\/div>\n\n\n\n<h3 class=\"wp-block-heading has-text-align-center\">Vanliga fr\u00e5gor med svar<\/h3>\n\n\n\n<div class=\"wp-block-kadence-column kadence-column9562_14bab3-88\"><div class=\"kt-inside-inner-col\">\n<div class=\"wp-block-getwid-accordion has-icon-left\" data-active-element=\"0\">\n<div class=\"wp-block-getwid-accordion__header-wrapper\"><span class=\"wp-block-getwid-accordion__header\"><a href=\"#\"><span class=\"wp-block-getwid-accordion__header-title\">Vart kan man f\u00e4rdas?<\/span><span class=\"wp-block-getwid-accordion__icon is-active\"><i class=\"fas fa-plus\"><\/i><\/span><span class=\"wp-block-getwid-accordion__icon is-passive\"><i class=\"fas fa-minus\"><\/i><\/span><\/a><\/span><\/div><div class=\"wp-block-getwid-accordion__content-wrapper\"><div class=\"wp-block-getwid-accordion__content\">\n<p class=\"has-small-font-size\">F\u00c4RJAN 4 utg\u00e5r som regel fr\u00e5n Residensbron, men vi kan h\u00e4mta och l\u00e4mna passagerare var som helst inom hamnomr\u00e5det &#8211; bara det finns en l\u00e4mplig till\u00e4ggsplats. F\u00c4RJAN 4 passar b\u00e4st f\u00f6r turer i inre hamnomr\u00e5det, ut till Nya Varvet. Se G\u00f6teborgsOperan fr\u00e5n sj\u00f6sidan, liksom den nya bebyggelsen p\u00e5 de gamla varvsomr\u00e5dena! Eller g\u00f6r ett br\u00f6llop \u00e4nnu mer minnesv\u00e4rt genom att hyra F\u00e4rjan f\u00f6r att f\u00e4rdas till n\u00e5gon av restaurangerna i hamnen! &#8211; Vi kan g\u00e5 till Nya \u00c4lvsborg, men endast om det inte bl\u00e5ser f\u00f6r mycket.<\/p>\n<\/div><\/div>\n\n\n\n<div class=\"wp-block-getwid-accordion__header-wrapper\"><span class=\"wp-block-getwid-accordion__header\"><a href=\"#\"><span class=\"wp-block-getwid-accordion__header-title\">Hur ser det ut ombord?<\/span><span class=\"wp-block-getwid-accordion__icon is-active\"><i class=\"fas fa-plus\"><\/i><\/span><span class=\"wp-block-getwid-accordion__icon is-passive\"><i class=\"fas fa-minus\"><\/i><\/span><\/a><\/span><\/div><div class=\"wp-block-getwid-accordion__content-wrapper\"><div class=\"wp-block-getwid-accordion__content\">\n<p class=\"has-small-font-size\">F\u00c4RJAN 4 har ett f\u00f6r- och ett akterd\u00e4ck, lika i b\u00e5da \u00e4ndar. D\u00e4r kan man st\u00e5 utomhus. I salongen d\u00e4remellan finns 50 sittplatser p\u00e5 l\u00e5ngsoffor och ett serveringsbord. Ett tiotal f\u00e4llstolar finns ocks\u00e5. Toalett saknas (l\u00f6ses s\u00e5 att man g\u00f6r strandhugg p\u00e5 l\u00e4mplig plats vid l\u00e4mplig tid!). Mat\/catering ordnar du med sj\u00e4lv. H\u00f6gtalarmegafon finns, men eluttag saknas.<\/p>\n<\/div><\/div>\n\n\n\n<div class=\"wp-block-getwid-accordion__header-wrapper\"><span class=\"wp-block-getwid-accordion__header\"><a href=\"#\"><span class=\"wp-block-getwid-accordion__header-title\">Hur m\u00e5nga kan man vara?<\/span><span class=\"wp-block-getwid-accordion__icon is-active\"><i class=\"fas fa-plus\"><\/i><\/span><span class=\"wp-block-getwid-accordion__icon is-passive\"><i class=\"fas fa-minus\"><\/i><\/span><\/a><\/span><\/div><div class=\"wp-block-getwid-accordion__content-wrapper\"><div class=\"wp-block-getwid-accordion__content\">\n<p class=\"has-small-font-size\">F\u00c4RJAN 4 kan ta 99 passagerare.<\/p>\n<\/div><\/div>\n\n\n\n<div class=\"wp-block-getwid-accordion__header-wrapper\"><span class=\"wp-block-getwid-accordion__header\"><a href=\"#\"><span class=\"wp-block-getwid-accordion__header-title\">N\u00e4r kan F\u00c4RJAN 4 hyras?<\/span><span class=\"wp-block-getwid-accordion__icon is-active\"><i class=\"fas fa-plus\"><\/i><\/span><span class=\"wp-block-getwid-accordion__icon is-passive\"><i class=\"fas fa-minus\"><\/i><\/span><\/a><\/span><\/div><div class=\"wp-block-getwid-accordion__content-wrapper\"><div class=\"wp-block-getwid-accordion__content\">\n<p class=\"has-small-font-size\">F\u00c4RJAN 4 kan hyras alla dagar i veckan. S\u00e4songen b\u00f6rjar i b\u00f6rjan av maj och p\u00e5g\u00e5r till oktober.<\/p>\n<\/div><\/div>\n\n\n\n<div class=\"wp-block-getwid-accordion__header-wrapper\"><span class=\"wp-block-getwid-accordion__header\"><a href=\"#\"><span class=\"wp-block-getwid-accordion__header-title\">Vad kostar det?<\/span><span class=\"wp-block-getwid-accordion__icon is-active\"><i class=\"fas fa-plus\"><\/i><\/span><span class=\"wp-block-getwid-accordion__icon is-passive\"><i class=\"fas fa-minus\"><\/i><\/span><\/a><\/span><\/div><div class=\"wp-block-getwid-accordion__content-wrapper\"><div class=\"wp-block-getwid-accordion__content\">\n<p class=\"has-small-font-size\">Uthyrningspriset f\u00f6r f\u00e4rjan \u00e4r 11 700 kr + moms 6 % f\u00f6r upp till 3 timmars resa.<br>Tiden r\u00e4knas fr\u00e5n f\u00e4rjans f\u00f6rt\u00f6jningsplats till \u00e5terkomsten dit. Guidning kan ofta ordnas mot s\u00e4rskild avgift.<\/p>\n<\/div><\/div>\n\n\n\n<div class=\"wp-block-getwid-accordion__header-wrapper\"><span class=\"wp-block-getwid-accordion__header\"><a href=\"#\"><span class=\"wp-block-getwid-accordion__header-title\">Vem kontaktar man?<\/span><span class=\"wp-block-getwid-accordion__icon is-active\"><i class=\"fas fa-plus\"><\/i><\/span><span class=\"wp-block-getwid-accordion__icon is-passive\"><i class=\"fas fa-minus\"><\/i><\/span><\/a><\/span><\/div><div class=\"wp-block-getwid-accordion__content-wrapper\"><div class=\"wp-block-getwid-accordion__content\">\n<p class=\"has-small-font-size\">Ansvarig f\u00f6r uthyrningen av F\u00e4rjan 4 \u00e4r Claes Verner. Honom kan du n\u00e5 p\u00e5 tel: 0730-68 47 08, eller email: <a href=\"mailto:charter_f4@steamboat.se\" target=\"_blank\" rel=\"noreferrer noopener\">charter_f4@steamboat.se<\/a><\/p>\n<\/div><\/div>\n<\/div>\n<\/div><\/div>\n<\/div><\/div>\n<\/div><\/div>\n<\/div><\/div><\/div>\n<style class=\"advgb-styles-renderer\">.kt-tabs-id9562_df03e0-19 > .kt-tabs-content-wrap > .wp-block-kadence-tab{border-top:3px solid #0a6689;border-right:0px solid #0a6689;border-bottom:0px solid #0a6689;border-left:0px solid #0a6689;border-top-left-radius:0px;border-top-right-radius:0px;border-bottom-right-radius:0px;border-bottom-left-radius:0px;padding-top:var(--global-kb-spacing-sm, 1.5rem);padding-right:var(--global-kb-spacing-sm, 1.5rem);padding-bottom:var(--global-kb-spacing-sm, 1.5rem);padding-left:var(--global-kb-spacing-sm, 1.5rem);background:var(--global-palette9, #ffffff);}.wp-block-kadence-tabs .kt-tabs-id9562_df03e0-19 > .kt-tabs-title-list li{margin-top:0px;margin-right:8px;margin-bottom:0px;margin-left:0px;}.wp-block-kadence-tabs .kt-tabs-id9562_df03e0-19 > .kt-tabs-title-list li:last-child{margin-right:0px;}.wp-block-kadence-tabs .kt-tabs-id9562_df03e0-19 > .kt-tabs-title-list li .kt-tab-title, .wp-block-kadence-tabs .kt-tabs-id9562_df03e0-19 > .kt-tabs-content-wrap > .kt-tabs-accordion-title .kt-tab-title{line-height:1.4em;font-weight:regular;font-style:normal;border-top-width:0px;border-right-width:0px;border-bottom-width:0px;border-left-width:0px;border-top-left-radius:4px;border-top-right-radius:4px;border-bottom-right-radius:0px;border-bottom-left-radius:0px;padding-top:8px;padding-right:20px;padding-bottom:8px;padding-left:20px;border-color:var(--global-palette7, #eeeeee);color:var(--global-palette4, #2D3748);background:var(--global-palette7, #eeeeee);}.wp-block-kadence-tabs .kt-tabs-id9562_df03e0-19 > .kt-tabs-content-wrap > .kt-tabs-accordion-title .kt-tab-title{margin-top:0px;margin-right:8px;margin-bottom:0px;margin-left:0px;}.wp-block-kadence-tabs .kt-tabs-id9562_df03e0-19 > .kt-tabs-title-list li .kt-tab-title:hover, .wp-block-kadence-tabs .kt-tabs-id9562_df03e0-19 > .kt-tabs-content-wrap > .kt-tabs-accordion-title .kt-tab-title:hover{border-color:var(--global-palette7, #eeeeee);color:var(--global-palette3, #1A202C);background:var(--global-palette8, #F7FAFC);}.wp-block-kadence-tabs .kt-tabs-id9562_df03e0-19 > .kt-tabs-title-list li.kt-tab-title-active .kt-tab-title, .wp-block-kadence-tabs .kt-tabs-id9562_df03e0-19 > .kt-tabs-content-wrap > .kt-tabs-accordion-title.kt-tab-title-active .kt-tab-title{border-color:var(--global-palette7, #eeeeee);color:#ffffff;background:#0a6689;}@media all and (max-width: 1024px){.kt-tabs-id9562_df03e0-19 > .kt-tabs-content-wrap > .wp-block-kadence-tab{border-top:3px solid #0a6689;border-right:0px solid #0a6689;border-bottom:0px solid #0a6689;border-left:0px solid #0a6689;}}@media all and (max-width: 767px){.kt-tabs-id9562_df03e0-19 > .kt-tabs-content-wrap > .wp-block-kadence-tab{border-top:3px solid #0a6689;border-right:0px solid #0a6689;border-bottom:0px solid #0a6689;border-left:0px solid #0a6689;}}.kadence-column9562_06c810-fe > .kt-inside-inner-col{padding-right:var(--global-kb-spacing-xxs, 0.5rem);padding-bottom:var(--global-kb-spacing-xxs, 0.5rem);padding-left:var(--global-kb-spacing-xxs, 0.5rem);}.kadence-column9562_06c810-fe > .kt-inside-inner-col{border-top:2px solid var(--global-palette1, #3182CE);border-right:2px solid var(--global-palette1, #3182CE);border-bottom:2px solid var(--global-palette1, #3182CE);border-left:2px solid var(--global-palette1, #3182CE);}.kadence-column9562_06c810-fe > .kt-inside-inner-col,.kadence-column9562_06c810-fe > .kt-inside-inner-col:before{border-top-left-radius:8px;border-top-right-radius:8px;border-bottom-right-radius:8px;border-bottom-left-radius:8px;}.kadence-column9562_06c810-fe > .kt-inside-inner-col{column-gap:var(--global-kb-gap-sm, 1rem);}.kadence-column9562_06c810-fe > .kt-inside-inner-col{flex-direction:column;}.kadence-column9562_06c810-fe > .kt-inside-inner-col > .aligncenter{width:100%;}.kadence-column9562_06c810-fe > .kt-inside-inner-col:before{opacity:0.3;}.kadence-column9562_06c810-fe{position:relative;}@media all and (max-width: 1024px){.kadence-column9562_06c810-fe > .kt-inside-inner-col{border-top:2px solid var(--global-palette1, #3182CE);border-right:2px solid var(--global-palette1, #3182CE);border-bottom:2px solid var(--global-palette1, #3182CE);border-left:2px solid var(--global-palette1, #3182CE);flex-direction:column;justify-content:center;}}@media all and (max-width: 767px){.kadence-column9562_06c810-fe > .kt-inside-inner-col{border-top:2px solid var(--global-palette1, #3182CE);border-right:2px solid var(--global-palette1, #3182CE);border-bottom:2px solid var(--global-palette1, #3182CE);border-left:2px solid var(--global-palette1, #3182CE);flex-direction:column;justify-content:center;}}.wp-block-kadence-advancedheading.kt-adv-heading9562_7be8f4-08, .wp-block-kadence-advancedheading.kt-adv-heading9562_7be8f4-08[data-kb-block=\"kb-adv-heading9562_7be8f4-08\"]{text-align:center;font-style:normal;background-color:#cbdae6;}.wp-block-kadence-advancedheading.kt-adv-heading9562_7be8f4-08 mark.kt-highlight, .wp-block-kadence-advancedheading.kt-adv-heading9562_7be8f4-08[data-kb-block=\"kb-adv-heading9562_7be8f4-08\"] mark.kt-highlight{font-style:normal;color:#f76a0c;-webkit-box-decoration-break:clone;box-decoration-break:clone;padding-top:0px;padding-right:0px;padding-bottom:0px;padding-left:0px;}.wp-block-kadence-advancedheading.kt-adv-heading9562_7be8f4-08 img.kb-inline-image, .wp-block-kadence-advancedheading.kt-adv-heading9562_7be8f4-08[data-kb-block=\"kb-adv-heading9562_7be8f4-08\"] img.kb-inline-image{width:150px;vertical-align:baseline;}.wp-block-kadence-spacer.kt-block-spacer-9562_78dab5-0b .kt-block-spacer{height:63px;}.wp-block-kadence-spacer.kt-block-spacer-9562_78dab5-0b .kt-divider{border-top-width:5px;height:1px;border-top-color:var(--global-palette1, #3182CE);width:90%;border-top-style:solid;}.kadence-column9562_a51945-d5 > .kt-inside-inner-col{padding-right:var(--global-kb-spacing-xxs, 0.5rem);padding-bottom:var(--global-kb-spacing-xxs, 0.5rem);padding-left:var(--global-kb-spacing-xxs, 0.5rem);}.kadence-column9562_a51945-d5 > .kt-inside-inner-col{border-top:2px solid var(--global-palette1, #3182CE);border-right:2px solid var(--global-palette1, #3182CE);border-bottom:2px solid var(--global-palette1, #3182CE);border-left:2px solid var(--global-palette1, #3182CE);}.kadence-column9562_a51945-d5 > .kt-inside-inner-col,.kadence-column9562_a51945-d5 > .kt-inside-inner-col:before{border-top-left-radius:8px;border-top-right-radius:8px;border-bottom-right-radius:8px;border-bottom-left-radius:8px;}.kadence-column9562_a51945-d5 > .kt-inside-inner-col{column-gap:var(--global-kb-gap-sm, 1rem);}.kadence-column9562_a51945-d5 > .kt-inside-inner-col{flex-direction:column;}.kadence-column9562_a51945-d5 > .kt-inside-inner-col > .aligncenter{width:100%;}.kadence-column9562_a51945-d5 > .kt-inside-inner-col:before{opacity:0.3;}.kadence-column9562_a51945-d5{position:relative;}@media all and (max-width: 1024px){.kadence-column9562_a51945-d5 > .kt-inside-inner-col{border-top:2px solid var(--global-palette1, #3182CE);border-right:2px solid var(--global-palette1, #3182CE);border-bottom:2px solid var(--global-palette1, #3182CE);border-left:2px solid var(--global-palette1, #3182CE);flex-direction:column;justify-content:center;}}@media all and (max-width: 767px){.kadence-column9562_a51945-d5 > .kt-inside-inner-col{border-top:2px solid var(--global-palette1, #3182CE);border-right:2px solid var(--global-palette1, #3182CE);border-bottom:2px solid var(--global-palette1, #3182CE);border-left:2px solid var(--global-palette1, #3182CE);flex-direction:column;justify-content:center;}}.wp-block-kadence-advancedheading.kt-adv-heading9562_6c1a0d-12, .wp-block-kadence-advancedheading.kt-adv-heading9562_6c1a0d-12[data-kb-block=\"kb-adv-heading9562_6c1a0d-12\"]{text-align:center;font-style:normal;background-color:#cbdae6;}.wp-block-kadence-advancedheading.kt-adv-heading9562_6c1a0d-12 mark.kt-highlight, .wp-block-kadence-advancedheading.kt-adv-heading9562_6c1a0d-12[data-kb-block=\"kb-adv-heading9562_6c1a0d-12\"] mark.kt-highlight{font-style:normal;color:#f76a0c;-webkit-box-decoration-break:clone;box-decoration-break:clone;padding-top:0px;padding-right:0px;padding-bottom:0px;padding-left:0px;}.wp-block-kadence-advancedheading.kt-adv-heading9562_6c1a0d-12 img.kb-inline-image, .wp-block-kadence-advancedheading.kt-adv-heading9562_6c1a0d-12[data-kb-block=\"kb-adv-heading9562_6c1a0d-12\"] img.kb-inline-image{width:150px;vertical-align:baseline;}.kadence-column9562_81f9cc-b3 > .kt-inside-inner-col,.kadence-column9562_81f9cc-b3 > .kt-inside-inner-col:before{border-top-left-radius:0px;border-top-right-radius:0px;border-bottom-right-radius:0px;border-bottom-left-radius:0px;}.kadence-column9562_81f9cc-b3 > .kt-inside-inner-col{column-gap:var(--global-kb-gap-sm, 1rem);}.kadence-column9562_81f9cc-b3 > .kt-inside-inner-col{flex-direction:column;}.kadence-column9562_81f9cc-b3 > .kt-inside-inner-col > .aligncenter{width:100%;}.kadence-column9562_81f9cc-b3 > .kt-inside-inner-col:before{opacity:0.3;}.kadence-column9562_81f9cc-b3{position:relative;}@media all and (max-width: 1024px){.kadence-column9562_81f9cc-b3 > .kt-inside-inner-col{flex-direction:column;justify-content:center;}}@media all and (max-width: 767px){.kadence-column9562_81f9cc-b3 > .kt-inside-inner-col{flex-direction:column;justify-content:center;}}.kadence-column9562_14bab3-88 > .kt-inside-inner-col,.kadence-column9562_14bab3-88 > .kt-inside-inner-col:before{border-top-left-radius:0px;border-top-right-radius:0px;border-bottom-right-radius:0px;border-bottom-left-radius:0px;}.kadence-column9562_14bab3-88 > .kt-inside-inner-col{column-gap:var(--global-kb-gap-sm, 1rem);}.kadence-column9562_14bab3-88 > .kt-inside-inner-col{flex-direction:column;}.kadence-column9562_14bab3-88 > .kt-inside-inner-col > .aligncenter{width:100%;}.kadence-column9562_14bab3-88 > .kt-inside-inner-col:before{opacity:0.3;}.kadence-column9562_14bab3-88{position:relative;}@media all and (max-width: 1024px){.kadence-column9562_14bab3-88 > .kt-inside-inner-col{flex-direction:column;justify-content:center;}}@media all and (max-width: 767px){.kadence-column9562_14bab3-88 > .kt-inside-inner-col{flex-direction:column;justify-content:center;}}<\/style>","protected":false},"excerpt":{"rendered":"","protected":false},"author":1,"featured_media":0,"parent":0,"menu_order":0,"comment_status":"closed","ping_status":"closed","template":"","meta":{"advgb_blocks_editor_width":"","advgb_blocks_columns_visual_guide":"","_kadence_starter_templates_imported_post":false,"_kad_post_transparent":"","_kad_post_title":"show","_kad_post_layout":"","_kad_post_sidebar_id":"","_kad_post_content_style":"","_kad_post_vertical_padding":"","_kad_post_feature":"","_kad_post_feature_position":"","_kad_post_header":false,"_kad_post_footer":false,"_kad_post_classname":"","footnotes":""},"categories":[],"tags":[],"class_list":["post-9562","page","type-page","status-publish","hentry"],"coauthors":[],"author_meta":{"author_link":"https:\/\/steamboat.se\/en\/author\/stb2023-sp\/","display_name":"Ad"},"relative_dates":{"created":"Posted 12 months ago","modified":"Updated 2 months ago"},"absolute_dates":{"created":"Posted on 22 May 2025","modified":"Updated on 23 March 2026"},"absolute_dates_time":{"created":"Posted on 22 May 2025 20:53","modified":"Updated on 23 March 2026 15:22"},"featured_img_caption":"","featured_img":false,"series_order":"","_links":{"self":[{"href":"https:\/\/steamboat.se\/en\/wp-json\/wp\/v2\/pages\/9562","targetHints":{"allow":["GET"]}}],"collection":[{"href":"https:\/\/steamboat.se\/en\/wp-json\/wp\/v2\/pages"}],"about":[{"href":"https:\/\/steamboat.se\/en\/wp-json\/wp\/v2\/types\/page"}],"author":[{"embeddable":true,"href":"https:\/\/steamboat.se\/en\/wp-json\/wp\/v2\/users\/1"}],"replies":[{"embeddable":true,"href":"https:\/\/steamboat.se\/en\/wp-json\/wp\/v2\/comments?post=9562"}],"version-history":[{"count":1,"href":"https:\/\/steamboat.se\/en\/wp-json\/wp\/v2\/pages\/9562\/revisions"}],"predecessor-version":[{"id":12827,"href":"https:\/\/steamboat.se\/en\/wp-json\/wp\/v2\/pages\/9562\/revisions\/12827"}],"wp:attachment":[{"href":"https:\/\/steamboat.se\/en\/wp-json\/wp\/v2\/media?parent=9562"}],"wp:term":[{"taxonomy":"category","embeddable":true,"href":"https:\/\/steamboat.se\/en\/wp-json\/wp\/v2\/categories?post=9562"},{"taxonomy":"post_tag","embeddable":true,"href":"https:\/\/steamboat.se\/en\/wp-json\/wp\/v2\/tags?post=9562"}],"curies":[{"name":"wp","href":"https:\/\/api.w.org\/{rel}","templated":true}]}}