{"id":10107,"date":"2025-06-19T15:19:47","date_gmt":"2025-06-19T13:19:47","guid":{"rendered":"https:\/\/steamboat.se\/?page_id=10107"},"modified":"2026-04-01T12:33:26","modified_gmt":"2026-04-01T10:33:26","slug":"vanliga-fragor-bohuslan","status":"publish","type":"page","link":"https:\/\/steamboat.se\/sv_se\/bohuslan\/vanliga-fragor-bohuslan\/","title":{"rendered":"Vanliga fr\u00e5gor &#8211; BOHUSL\u00c4N"},"content":{"rendered":"<div class=\"kb-row-layout-wrap kb-row-layout-id10107_62fbf2-c4 alignnone wp-block-kadence-rowlayout\"><div class=\"kt-row-column-wrap kt-has-1-columns kt-row-layout-equal kt-tab-layout-inherit kt-mobile-layout-row kt-row-valign-top\">\n\n<div class=\"wp-block-kadence-column kadence-column10107_16bfc0-36\"><div class=\"kt-inside-inner-col\">\n<a href=\"https:\/\/steamboat.se\/sv_se\/bohuslan\/#tab-chartrafartyget\" class=\"kb-advanced-heading-link kt-adv-heading-link10107_c1d857-4b\"><h2 class=\"kt-adv-heading10107_c1d857-4b wp-block-kadence-advancedheading\" data-kb-block=\"kb-adv-heading10107_c1d857-4b\">Chartra Bohusl\u00e4n ? &#8211; klicka h\u00e4r !<\/h2><\/a>\n\n\n\n<h1 class=\"wp-block-heading has-text-align-center\">Vanliga fr\u00e5gor med svar<\/h1>\n\n\n\n<div class=\"wp-block-getwid-accordion has-icon-left\" data-active-element=\"0\">\n<div class=\"wp-block-getwid-accordion__header-wrapper\"><span class=\"wp-block-getwid-accordion__header\"><a href=\"#\"><span class=\"wp-block-getwid-accordion__header-title\"><br><strong>Var l\u00e4gger ni till p\u00e5 \u00d6cker\u00f6?<\/strong><\/span><span class=\"wp-block-getwid-accordion__icon is-active\"><i class=\"fas fa-plus\"><\/i><\/span><span class=\"wp-block-getwid-accordion__icon is-passive\"><i class=\"fas fa-minus\"><\/i><\/span><\/a><\/span><\/div><div class=\"wp-block-getwid-accordion__content-wrapper\"><div class=\"wp-block-getwid-accordion__content\">\n<p>Svar: <br>Vi l\u00e4gger till i \u00d6cker\u00f6 Hamn, s\u00e5 mitt i man kan, p\u00e5 den sk Fiskepiren.<\/p>\n<\/div><\/div>\n\n\n\n<div class=\"wp-block-getwid-accordion__header-wrapper\"><span class=\"wp-block-getwid-accordion__header\"><a href=\"#\"><span class=\"wp-block-getwid-accordion__header-title\"><br><strong>Kan jag ta med mig min hund?<\/strong><\/span><span class=\"wp-block-getwid-accordion__icon is-active\"><i class=\"fas fa-plus\"><\/i><\/span><span class=\"wp-block-getwid-accordion__icon is-passive\"><i class=\"fas fa-minus\"><\/i><\/span><\/a><\/span><\/div><div class=\"wp-block-getwid-accordion__content-wrapper\"><div class=\"wp-block-getwid-accordion__content\">\n<p>Svar: Det kan du g\u00f6ra, men den f\u00e5r endast vistas \u201dutomhus\u201d, ej inne i v\u00e5ra salonger.<\/p>\n\n\n\n<p>Bra att veta \u2013 v\u00e5r \u00e5ngvissla \u00e4r ganska ljudlig, kan vara ett ot\u00e4ckt ljud f\u00f6r en hund, speciellt om den \u00e4r ljudk\u00e4nslig.<\/p>\n<\/div><\/div>\n\n\n\n<div class=\"wp-block-getwid-accordion__header-wrapper\"><span class=\"wp-block-getwid-accordion__header\"><a href=\"#\"><span class=\"wp-block-getwid-accordion__header-title\"><br><strong>Har ni servering ombord?<\/strong><\/span><span class=\"wp-block-getwid-accordion__icon is-active\"><i class=\"fas fa-plus\"><\/i><\/span><span class=\"wp-block-getwid-accordion__icon is-passive\"><i class=\"fas fa-minus\"><\/i><\/span><\/a><\/span><\/div><div class=\"wp-block-getwid-accordion__content-wrapper\"><div class=\"wp-block-getwid-accordion__content\">\n<p>Svar: Vi har servering ombord. Vi har \u00e4ven fullst\u00e4ndiga r\u00e4ttigheter.<br>Utbudet kan dock variera mellan v\u00e5ra olika turer.<\/p>\n<\/div><\/div>\n\n\n\n<div class=\"wp-block-getwid-accordion__header-wrapper\"><span class=\"wp-block-getwid-accordion__header\"><a href=\"#\"><span class=\"wp-block-getwid-accordion__header-title\"><br><strong>F\u00e5r jag ta med egen mats\u00e4ck?<\/strong><\/span><span class=\"wp-block-getwid-accordion__icon is-active\"><i class=\"fas fa-plus\"><\/i><\/span><span class=\"wp-block-getwid-accordion__icon is-passive\"><i class=\"fas fa-minus\"><\/i><\/span><\/a><\/span><\/div><div class=\"wp-block-getwid-accordion__content-wrapper\"><div class=\"wp-block-getwid-accordion__content\">\n<p>Svar: Vi \u00e4r att betrakta som en restaurang, d\u00e4r k\u00f6per man sin mat och dryck.<br>\u2013 Egen mats\u00e4ck f\u00e5r d\u00e4rf\u00f6r ej f\u00f6rt\u00e4ras ombord, vare sig mat eller dryck.<\/p>\n<\/div><\/div>\n\n\n\n<div class=\"wp-block-getwid-accordion__header-wrapper\"><span class=\"wp-block-getwid-accordion__header\"><a href=\"#\"><span class=\"wp-block-getwid-accordion__header-title\"><br><strong>Kan man boka bord?<\/strong><\/span><span class=\"wp-block-getwid-accordion__icon is-active\"><i class=\"fas fa-plus\"><\/i><\/span><span class=\"wp-block-getwid-accordion__icon is-passive\"><i class=\"fas fa-minus\"><\/i><\/span><\/a><\/span><\/div><div class=\"wp-block-getwid-accordion__content-wrapper\"><div class=\"wp-block-getwid-accordion__content\">\n<p>Svar: Ett antal platser g\u00e5r att boka till f\u00f6rsta eller andra sittningen, det g\u00f6r du i samband med k\u00f6pet av biljetter.<br>Det finns \u00e4ven platser som inte \u00e4r bokbara.<\/p>\n<\/div><\/div>\n\n\n\n<div class=\"wp-block-getwid-accordion__header-wrapper\"><span class=\"wp-block-getwid-accordion__header\"><a href=\"#\"><span class=\"wp-block-getwid-accordion__header-title\"><br><strong>Kan man l\u00e5na flytv\u00e4star ombord?<\/strong><\/span><span class=\"wp-block-getwid-accordion__icon is-active\"><i class=\"fas fa-plus\"><\/i><\/span><span class=\"wp-block-getwid-accordion__icon is-passive\"><i class=\"fas fa-minus\"><\/i><\/span><\/a><\/span><\/div><div class=\"wp-block-getwid-accordion__content-wrapper\"><div class=\"wp-block-getwid-accordion__content\">\n<p>Flytv\u00e4starna ombord \u00e4r en del av s\u00e4kerhetsutrustningen och f\u00e5r inte anv\u00e4ndas annat \u00e4n<br>vid en n\u00f6dsituation. Detta f\u00f6r att man ska vara s\u00e4ker p\u00e5 att de finns p\u00e5 plats och \u00e4r<br>funktionsdugliga n\u00e4r\/om de beh\u00f6vs.<\/p>\n<\/div><\/div>\n\n\n\n<div class=\"wp-block-getwid-accordion__header-wrapper\"><span class=\"wp-block-getwid-accordion__header\"><a href=\"#\"><span class=\"wp-block-getwid-accordion__header-title\"><br><strong><br><strong>Jag har en matallergi \u2013 kan man f\u00e5 n\u00e5got annat?<\/strong><\/strong><\/span><span class=\"wp-block-getwid-accordion__icon is-active\"><i class=\"fas fa-plus\"><\/i><\/span><span class=\"wp-block-getwid-accordion__icon is-passive\"><i class=\"fas fa-minus\"><\/i><\/span><\/a><\/span><\/div><div class=\"wp-block-getwid-accordion__content-wrapper\"><div class=\"wp-block-getwid-accordion__content\">\n<p><br>Vi brukar klara av de flesta allergier med lite f\u00f6rvarning. \u00c4r man os\u00e4ker, s\u00e5 g\u00e5r det bra att kontakta v\u00e5r k\u00f6kschef p\u00e5 e-post <a href=\"mailto:byssan@steamboat.se\">byssan@steamboat.se<\/a><br><br><\/p>\n<\/div><\/div>\n\n\n\n<div class=\"wp-block-getwid-accordion__header-wrapper\"><span class=\"wp-block-getwid-accordion__header\"><a href=\"#\"><span class=\"wp-block-getwid-accordion__header-title\"><br><strong><br><strong>Kan jag betala med kort \/ swish ombord?<\/strong><\/strong><\/span><span class=\"wp-block-getwid-accordion__icon is-active\"><i class=\"fas fa-plus\"><\/i><\/span><span class=\"wp-block-getwid-accordion__icon is-passive\"><i class=\"fas fa-minus\"><\/i><\/span><\/a><\/span><\/div><div class=\"wp-block-getwid-accordion__content-wrapper\"><div class=\"wp-block-getwid-accordion__content\">\n<p><br>Ombord kan du betala med kontanter, kort eller med swish.<\/p>\n<\/div><\/div>\n\n\n\n<div class=\"wp-block-getwid-accordion__header-wrapper\"><span class=\"wp-block-getwid-accordion__header\"><a href=\"#\"><span class=\"wp-block-getwid-accordion__header-title\"><br><strong><br><strong>Vi har k\u00f6pt biljetter men kan inte \u00e5ka \u2013 hur g\u00f6r vi med biljetterna?<\/strong><\/strong><\/span><span class=\"wp-block-getwid-accordion__icon is-active\"><i class=\"fas fa-plus\"><\/i><\/span><span class=\"wp-block-getwid-accordion__icon is-passive\"><i class=\"fas fa-minus\"><\/i><\/span><\/a><\/span><\/div><div class=\"wp-block-getwid-accordion__content-wrapper\"><div class=\"wp-block-getwid-accordion__content\">\n<p><br>\u00c4r biljetterna ink\u00f6pta via Nortic, s\u00e5 h\u00e4nvisar vi till dem, <a href=\"http:\/\/www.nortic.se\/\">www.nortic.se<\/a><br><\/p>\n<\/div><\/div>\n\n\n\n<div class=\"wp-block-getwid-accordion__header-wrapper\"><span class=\"wp-block-getwid-accordion__header\"><a href=\"#\"><span class=\"wp-block-getwid-accordion__header-title\"><br><strong><br><strong>Kan man ta med rullstol \/ permobil \/ liten \u201dskoter\u201d \/ rullator?<\/strong><\/strong><\/span><span class=\"wp-block-getwid-accordion__icon is-active\"><i class=\"fas fa-plus\"><\/i><\/span><span class=\"wp-block-getwid-accordion__icon is-passive\"><i class=\"fas fa-minus\"><\/i><\/span><\/a><\/span><\/div><div class=\"wp-block-getwid-accordion__content-wrapper\"><div class=\"wp-block-getwid-accordion__content\">\n<p>\u00c5ngaren Bohusl\u00e4n \u00e4r inte handikappanpassat.Vi har ytterst begr\u00e4nsade m\u00f6jligheter f\u00f6r detta.<br>Landg\u00e5ngarna \/ ramperna som anv\u00e4nds f\u00f6r att komma ombord \u00e4r relativt smala och<br>branta.<\/p>\n\n\n\n<p>Dessutom \u00e4r det tr\u00f6sklar ombord. Med rullstol kan man sitta p\u00e5 f\u00f6rd\u00e4ck, promenadd\u00e4ck<br>och i m\u00e5n av plats i Matsalongen. Dock n\u00e5r man toaletterna endast via trappor.<\/p>\n<\/div><\/div>\n\n\n\n<div class=\"wp-block-getwid-accordion__header-wrapper\"><span class=\"wp-block-getwid-accordion__header\"><a href=\"#\"><span class=\"wp-block-getwid-accordion__header-title\"><strong><strong>Jag har f\u00e5tt ett presentkort \u2013 hur bokar jag resa?<\/strong><\/strong><\/span><span class=\"wp-block-getwid-accordion__icon is-active\"><i class=\"fas fa-plus\"><\/i><\/span><span class=\"wp-block-getwid-accordion__icon is-passive\"><i class=\"fas fa-minus\"><\/i><\/span><\/a><\/span><\/div><div class=\"wp-block-getwid-accordion__content-wrapper\"><div class=\"wp-block-getwid-accordion__content\">\n<p>Presentkort kan anv\u00e4ndas vid betalning av biljetter vid landg\u00e5ng och vid k\u00f6p i cafeteria<br>och salonger. Det g\u00e5r dock inte att anv\u00e4nda vid betalning till Nortic. Vid s\u00e5dana<br>fall kontakta oss via goran.i.ingemarson@telia.com , 070-6517034<\/p>\n<\/div><\/div>\n<\/div>\n\n\n\n<div class=\"wp-block-kadence-spacer aligncenter kt-block-spacer-10107_dc55f1-27\"><div class=\"kt-block-spacer kt-block-spacer-halign-center\"><hr class=\"kt-divider\"\/><\/div><\/div>\n\n\n\n<p>Vi har fullst\u00e4ndiga r\u00e4ttigheter. <br>V\u00e5rt \u00c5ngb\u00e5ts-\u00d6l \u00e4r v\u00e4lrenommerat.<br>P\u00e5 v\u00e4derd\u00e4ck och akterd\u00e4ck kan passagerarna vistas under tak.<br>* S\/S Bohusl\u00e4n f\u00e4rdas normalt i S\u00f6dra och Norra sk\u00e4rg\u00e5rden samt G\u00f6ta \u00c4lv.<br>* S\/S Bohusl\u00e4n utg\u00e5r som regel fr\u00e5n Stenpiren.<br>* S\/S Bohusl\u00e4n byggdes 1914 p\u00e5 Eriksbergs mekaniska verkstad och \u00e4r v\u00e4l bevarad i originalskick.<br>En rundtur i sk\u00e4rg\u00e5rden tar ca tre timmar, en tur-och-returresa till Marstrand drygt fem timmar plus \u00f6nskad tid i land.<br>Under resans g\u00e5ng f\u00e5r man sj\u00e4lvklart lov att g\u00e5 ner och se v\u00e5rt maskinrum, samt \u00e4ven bes\u00f6ka v\u00e5r kapten uppe p\u00e5 bryggan.<\/p>\n\n\n\n<div class=\"wp-block-columns is-layout-flex wp-container-core-columns-is-layout-9d6595d7 wp-block-columns-is-layout-flex\">\n<div class=\"wp-block-column is-vertically-aligned-center is-layout-flow wp-block-column-is-layout-flow\"><div class=\"wp-block-image is-style-default\">\n<figure class=\"aligncenter size-full is-resized\"><img loading=\"lazy\" decoding=\"async\" width=\"150\" height=\"200\" src=\"https:\/\/steamboat.se\/wp-content\/uploads\/2023\/05\/Laxtallrik-YH.webp\" alt=\"\" class=\"wp-image-2170\" style=\"width:300px\"\/><\/figure>\n<\/div><\/div>\n\n\n\n<div class=\"wp-block-column is-layout-flow wp-block-column-is-layout-flow\"><div class=\"wp-block-image\">\n<figure class=\"aligncenter size-full is-resized\"><img loading=\"lazy\" decoding=\"async\" width=\"158\" height=\"210\" src=\"https:\/\/steamboat.se\/wp-content\/uploads\/2023\/05\/charter-cafe-pax-2021.png\" alt=\"\" class=\"wp-image-2169\" style=\"width:300px\"\/><\/figure>\n<\/div><\/div>\n<\/div>\n<\/div><\/div>\n\n<\/div><\/div><style class=\"advgb-styles-renderer\">.kb-row-layout-id10107_62fbf2-c4 > .kt-row-column-wrap{align-content:start;}:where(.kb-row-layout-id10107_62fbf2-c4 > .kt-row-column-wrap) > .wp-block-kadence-column{justify-content:start;}.kb-row-layout-id10107_62fbf2-c4 > .kt-row-column-wrap{column-gap:var(--global-kb-gap-md, 2rem);row-gap:var(--global-kb-gap-md, 2rem);padding-top:var(--global-kb-spacing-sm, 1.5rem);padding-bottom:var(--global-kb-spacing-sm, 1.5rem);grid-template-columns:minmax(0, 1fr);}.kb-row-layout-id10107_62fbf2-c4 > .kt-row-layout-overlay{opacity:0.30;}@media all and (max-width: 1024px){.kb-row-layout-id10107_62fbf2-c4 > .kt-row-column-wrap{grid-template-columns:minmax(0, 1fr);}}@media all and (max-width: 767px){.kb-row-layout-id10107_62fbf2-c4 > .kt-row-column-wrap{grid-template-columns:minmax(0, 1fr);}}.kadence-column10107_16bfc0-36 > .kt-inside-inner-col,.kadence-column10107_16bfc0-36 > .kt-inside-inner-col:before{border-top-left-radius:0px;border-top-right-radius:0px;border-bottom-right-radius:0px;border-bottom-left-radius:0px;}.kadence-column10107_16bfc0-36 > .kt-inside-inner-col{column-gap:var(--global-kb-gap-sm, 1rem);}.kadence-column10107_16bfc0-36 > .kt-inside-inner-col{flex-direction:column;}.kadence-column10107_16bfc0-36 > .kt-inside-inner-col > .aligncenter{width:100%;}.kadence-column10107_16bfc0-36 > .kt-inside-inner-col:before{opacity:0.3;}.kadence-column10107_16bfc0-36{position:relative;}@media all and (max-width: 1024px){.kadence-column10107_16bfc0-36 > .kt-inside-inner-col{flex-direction:column;justify-content:center;}}@media all and (max-width: 767px){.kadence-column10107_16bfc0-36 > .kt-inside-inner-col{flex-direction:column;justify-content:center;}}.wp-block-kadence-advancedheading.kt-adv-heading10107_c1d857-4b, .wp-block-kadence-advancedheading.kt-adv-heading10107_c1d857-4b[data-kb-block=\"kb-adv-heading10107_c1d857-4b\"]{text-align:center;font-style:normal;background-color:#cbdae6;}.wp-block-kadence-advancedheading.kt-adv-heading10107_c1d857-4b mark.kt-highlight, .wp-block-kadence-advancedheading.kt-adv-heading10107_c1d857-4b[data-kb-block=\"kb-adv-heading10107_c1d857-4b\"] mark.kt-highlight{font-style:normal;color:#f76a0c;-webkit-box-decoration-break:clone;box-decoration-break:clone;padding-top:0px;padding-right:0px;padding-bottom:0px;padding-left:0px;}.wp-block-kadence-advancedheading.kt-adv-heading10107_c1d857-4b img.kb-inline-image, .wp-block-kadence-advancedheading.kt-adv-heading10107_c1d857-4b[data-kb-block=\"kb-adv-heading10107_c1d857-4b\"] img.kb-inline-image{width:150px;vertical-align:baseline;}.wp-block-kadence-spacer.kt-block-spacer-10107_dc55f1-27 .kt-block-spacer{height:63px;}.wp-block-kadence-spacer.kt-block-spacer-10107_dc55f1-27 .kt-divider{border-top-width:5px;height:1px;border-top-color:var(--global-palette1, #3182CE);width:90%;border-top-style:solid;}<\/style>","protected":false},"excerpt":{"rendered":"<p>Chartra Bohusl\u00e4n ? &#8211; klicka h\u00e4r ! Vanliga fr\u00e5gor med svar Vi har fullst\u00e4ndiga r\u00e4ttigheter. V\u00e5rt \u00c5ngb\u00e5ts-\u00d6l \u00e4r v\u00e4lrenommerat.P\u00e5 v\u00e4derd\u00e4ck och akterd\u00e4ck kan passagerarna vistas under tak.* S\/S Bohusl\u00e4n f\u00e4rdas normalt i S\u00f6dra och Norra sk\u00e4rg\u00e5rden samt G\u00f6ta \u00c4lv.* S\/S Bohusl\u00e4n utg\u00e5r som regel fr\u00e5n Stenpiren.* S\/S Bohusl\u00e4n byggdes 1914 p\u00e5 Eriksbergs mekaniska verkstad och&#8230;<\/p>\n","protected":false},"author":1,"featured_media":0,"parent":1524,"menu_order":0,"comment_status":"closed","ping_status":"closed","template":"","meta":{"advgb_blocks_editor_width":"","advgb_blocks_columns_visual_guide":"","_kadence_starter_templates_imported_post":false,"_kad_post_transparent":"","_kad_post_title":"hide","_kad_post_layout":"","_kad_post_sidebar_id":"","_kad_post_content_style":"","_kad_post_vertical_padding":"","_kad_post_feature":"","_kad_post_feature_position":"","_kad_post_header":false,"_kad_post_footer":false,"_kad_post_classname":"","footnotes":""},"categories":[],"tags":[],"class_list":["post-10107","page","type-page","status-publish","hentry"],"coauthors":[],"author_meta":{"author_link":"https:\/\/steamboat.se\/sv_se\/author\/stb2023-sp\/","display_name":"Ad"},"relative_dates":{"created":"Publicerad 10 m\u00e5nader sedan","modified":"Uppdaterad 3 veckor sedan"},"absolute_dates":{"created":"Publicerat den 19 juni 2025","modified":"Uppdaterad den 1 april 2026"},"absolute_dates_time":{"created":"Publicerat den 19 juni 2025 15:19","modified":"Uppdaterad den 1 april 2026 12:33"},"featured_img_caption":"","featured_img":false,"series_order":"","_links":{"self":[{"href":"https:\/\/steamboat.se\/sv_se\/wp-json\/wp\/v2\/pages\/10107","targetHints":{"allow":["GET"]}}],"collection":[{"href":"https:\/\/steamboat.se\/sv_se\/wp-json\/wp\/v2\/pages"}],"about":[{"href":"https:\/\/steamboat.se\/sv_se\/wp-json\/wp\/v2\/types\/page"}],"author":[{"embeddable":true,"href":"https:\/\/steamboat.se\/sv_se\/wp-json\/wp\/v2\/users\/1"}],"replies":[{"embeddable":true,"href":"https:\/\/steamboat.se\/sv_se\/wp-json\/wp\/v2\/comments?post=10107"}],"version-history":[{"count":1,"href":"https:\/\/steamboat.se\/sv_se\/wp-json\/wp\/v2\/pages\/10107\/revisions"}],"predecessor-version":[{"id":12980,"href":"https:\/\/steamboat.se\/sv_se\/wp-json\/wp\/v2\/pages\/10107\/revisions\/12980"}],"up":[{"embeddable":true,"href":"https:\/\/steamboat.se\/sv_se\/wp-json\/wp\/v2\/pages\/1524"}],"wp:attachment":[{"href":"https:\/\/steamboat.se\/sv_se\/wp-json\/wp\/v2\/media?parent=10107"}],"wp:term":[{"taxonomy":"category","embeddable":true,"href":"https:\/\/steamboat.se\/sv_se\/wp-json\/wp\/v2\/categories?post=10107"},{"taxonomy":"post_tag","embeddable":true,"href":"https:\/\/steamboat.se\/sv_se\/wp-json\/wp\/v2\/tags?post=10107"}],"curies":[{"name":"wp","href":"https:\/\/api.w.org\/{rel}","templated":true}]}}