{"id":13289,"date":"2026-05-02T16:41:24","date_gmt":"2026-05-02T14:41:24","guid":{"rendered":"https:\/\/steamboat.se\/event\/"},"modified":"2026-05-03T12:42:16","modified_gmt":"2026-05-03T10:42:16","slug":"event","status":"publish","type":"page","link":"https:\/\/steamboat.se\/sv_se\/event\/","title":{"rendered":"Event"},"content":{"rendered":"<p>Denna sida anv\u00e4nds av Events Made Easy. \u00c4ndra den inte, anv\u00e4nd den inte i dina menyer, radera den inte. Se bara till att EME-inst\u00e4llningen \u201dEventsida\u201d pekar p\u00e5 denna sida. EME anv\u00e4nder denna sida f\u00f6r att sammanst\u00e4lla event, platser, bokningar, kartor,&#8230; allt. Om du vill radera denna sida, skapa en ny som EME kan anv\u00e4nda och g\u00f6r motsvarande uppdatering av inst\u00e4llningen p\u00e5 \u201dEventsida\u201d.<\/p>\n","protected":false},"excerpt":{"rendered":"<p>Denna sida anv\u00e4nds av Events Made Easy. \u00c4ndra den inte, anv\u00e4nd den inte i dina menyer, radera den inte. Se bara till att EME-inst\u00e4llningen \u201dEventsida\u201d pekar p\u00e5 denna sida. EME anv\u00e4nder denna sida f\u00f6r att sammanst\u00e4lla event, platser, bokningar, kartor,&#8230; allt. Om du vill radera denna sida, skapa en ny som EME kan anv\u00e4nda och&#8230;<\/p>\n","protected":false},"author":1,"featured_media":0,"parent":0,"menu_order":0,"comment_status":"closed","ping_status":"closed","template":"","meta":{"advgb_blocks_editor_width":"","advgb_blocks_columns_visual_guide":"","_kadence_starter_templates_imported_post":false,"_kad_post_transparent":"disable","_kad_post_title":"hide","_kad_post_layout":"default","_kad_post_sidebar_id":"","_kad_post_content_style":"","_kad_post_vertical_padding":"","_kad_post_feature":"","_kad_post_feature_position":"","_kad_post_header":false,"_kad_post_footer":false,"_kad_post_classname":"","footnotes":""},"categories":[],"tags":[],"class_list":["post-13289","page","type-page","status-publish","hentry"],"coauthors":[],"author_meta":{"author_link":"https:\/\/steamboat.se\/sv_se\/author\/stb2023-sp\/","display_name":"Ad"},"relative_dates":{"created":"Publicerad 7 dagar sedan","modified":"Uppdaterad 6 dagar sedan"},"absolute_dates":{"created":"Publicerat den 2 maj 2026","modified":"Uppdaterad den 3 maj 2026"},"absolute_dates_time":{"created":"Publicerat den 2 maj 2026 16:41","modified":"Uppdaterad den 3 maj 2026 12:42"},"featured_img_caption":"","featured_img":false,"series_order":"","_links":{"self":[{"href":"https:\/\/steamboat.se\/sv_se\/wp-json\/wp\/v2\/pages\/13289","targetHints":{"allow":["GET"]}}],"collection":[{"href":"https:\/\/steamboat.se\/sv_se\/wp-json\/wp\/v2\/pages"}],"about":[{"href":"https:\/\/steamboat.se\/sv_se\/wp-json\/wp\/v2\/types\/page"}],"author":[{"embeddable":true,"href":"https:\/\/steamboat.se\/sv_se\/wp-json\/wp\/v2\/users\/1"}],"replies":[{"embeddable":true,"href":"https:\/\/steamboat.se\/sv_se\/wp-json\/wp\/v2\/comments?post=13289"}],"version-history":[{"count":1,"href":"https:\/\/steamboat.se\/sv_se\/wp-json\/wp\/v2\/pages\/13289\/revisions"}],"predecessor-version":[{"id":13300,"href":"https:\/\/steamboat.se\/sv_se\/wp-json\/wp\/v2\/pages\/13289\/revisions\/13300"}],"wp:attachment":[{"href":"https:\/\/steamboat.se\/sv_se\/wp-json\/wp\/v2\/media?parent=13289"}],"wp:term":[{"taxonomy":"category","embeddable":true,"href":"https:\/\/steamboat.se\/sv_se\/wp-json\/wp\/v2\/categories?post=13289"},{"taxonomy":"post_tag","embeddable":true,"href":"https:\/\/steamboat.se\/sv_se\/wp-json\/wp\/v2\/tags?post=13289"}],"curies":[{"name":"wp","href":"https:\/\/api.w.org\/{rel}","templated":true}]}}