{"id":411,"date":"2022-07-20T10:58:41","date_gmt":"2022-07-20T09:58:41","guid":{"rendered":"https:\/\/2023.steamboat.se\/?page_id=411"},"modified":"2026-04-01T12:32:43","modified_gmt":"2026-04-01T10:32:43","slug":"chartra-bohuslan","status":"publish","type":"page","link":"https:\/\/steamboat.se\/sv_se\/bohuslan\/chartra-bohuslan\/","title":{"rendered":"Hyra BOHUSL\u00c4N"},"content":{"rendered":"<div class=\"kb-row-layout-wrap kb-row-layout-id411_9d003e-84 alignnone wp-block-kadence-rowlayout\"><div class=\"kt-row-column-wrap kt-has-1-columns kt-row-layout-equal kt-tab-layout-inherit kt-mobile-layout-row kt-row-valign-top\">\n\n<div class=\"wp-block-kadence-column kadence-column411_c05d0f-e5\"><div class=\"kt-inside-inner-col\">\n<h2 class=\"wp-block-heading has-text-align-center\">Charterinformation \u00c5ngaren BOHUSL\u00c4N<\/h2>\n\n\n\n<p class=\"has-text-align-center\"><strong>F\u00f6r n\u00e4rmare upplysningar och bokning:&nbsp;<\/strong><br>&#8211; Fyll i v\u00e5rt Charterformul\u00e4r h\u00e4r nedanf\u00f6r.<\/p>\n<\/div><\/div>\n\n<\/div><\/div>\n\n<div class=\"kb-row-layout-wrap kb-row-layout-id411_6ca4e8-b0 alignnone wp-block-kadence-rowlayout advgb-dyn-ff4c8ff0\"><div class=\"kt-row-column-wrap kt-has-2-columns kt-row-layout-equal kt-tab-layout-inherit kt-mobile-layout-row kt-row-valign-top\">\n\n<div class=\"wp-block-kadence-column kadence-column411_1034d6-f6 advgb-dyn-0f9cd93b\" id=\"faq-bhn\"><div class=\"kt-inside-inner-col\">\n<h3 class=\"wp-block-heading\">Vanliga fr\u00e5gor med svar<\/h3>\n\n\n\n<div class=\"wp-block-getwid-accordion has-icon-left\" data-active-element=\"none\">\n<div class=\"wp-block-getwid-accordion__header-wrapper\"><span class=\"wp-block-getwid-accordion__header\"><a href=\"#\"><span class=\"wp-block-getwid-accordion__header-title\">G\u00e5r det att hyra b\u00e5ten?<\/span><span class=\"wp-block-getwid-accordion__icon is-active\"><i class=\"fas fa-plus\"><\/i><\/span><span class=\"wp-block-getwid-accordion__icon is-passive\"><i class=\"fas fa-minus\"><\/i><\/span><\/a><\/span><\/div><div class=\"wp-block-getwid-accordion__content-wrapper\"><div class=\"wp-block-getwid-accordion__content\">\n<p>Svar: Ja, det g\u00e5r att chartra fartyget<br>Vi k\u00f6r normalt ifr\u00e5n juni till mitten av september<\/p>\n<\/div><\/div>\n\n\n\n<div class=\"wp-block-getwid-accordion__header-wrapper\"><span class=\"wp-block-getwid-accordion__header\"><a href=\"#\"><span class=\"wp-block-getwid-accordion__header-title\">Vad kostar det?<\/span><span class=\"wp-block-getwid-accordion__icon is-active\"><i class=\"fas fa-plus\"><\/i><\/span><span class=\"wp-block-getwid-accordion__icon is-passive\"><i class=\"fas fa-minus\"><\/i><\/span><\/a><\/span><\/div><div class=\"wp-block-getwid-accordion__content-wrapper\"><div class=\"wp-block-getwid-accordion__content\">\n<p>Svar: Grundhyran&nbsp;var&nbsp;f\u00f6rra s\u00e4songen (2025)&nbsp;27&nbsp;030&nbsp;kr&nbsp;inklusive&nbsp;moms.&nbsp;D\u00e5&nbsp;f\u00e5r ni disponera fartyget under tre timmar r\u00e4knat fr\u00e5n avg\u00e5ng&nbsp;till&nbsp;\u00e5terkomst&nbsp;till&nbsp;Stenpiren.&nbsp;Vi ser f\u00f6r n\u00e4rvarande \u00f6ver priserna f\u00f6r 2026 och uppdaterar denna information i februari 2026<\/p>\n<\/div><\/div>\n\n\n\n<div class=\"wp-block-getwid-accordion__header-wrapper\"><span class=\"wp-block-getwid-accordion__header\"><a href=\"#\"><span class=\"wp-block-getwid-accordion__header-title\">Kan vi \u00e5ka vart vi vill?<\/span><span class=\"wp-block-getwid-accordion__icon is-active\"><i class=\"fas fa-plus\"><\/i><\/span><span class=\"wp-block-getwid-accordion__icon is-passive\"><i class=\"fas fa-minus\"><\/i><\/span><\/a><\/span><\/div><div class=\"wp-block-getwid-accordion__content-wrapper\"><div class=\"wp-block-getwid-accordion__content\">\n<p>Svar: Nej, v\u00e5ra bef\u00e4lhavare avg\u00f6r vad som \u00e4r genomf\u00f6rbart.<br><sub>N\u00e4stan, men v\u00e5ra bef\u00e4lhavare avg\u00f6r vad som \u00e4r genomf\u00f6rbart<\/sub><\/p>\n<\/div><\/div>\n\n\n\n<div class=\"wp-block-getwid-accordion__header-wrapper\"><span class=\"wp-block-getwid-accordion__header\"><a href=\"#\"><span class=\"wp-block-getwid-accordion__header-title\">Om vi bara vill ha transport enkel resa, m\u00e5ste vi d\u00e5 betala \u00e4ven f\u00f6r b\u00e5tens \u00e5terresa.<\/span><span class=\"wp-block-getwid-accordion__icon is-active\"><i class=\"fas fa-plus\"><\/i><\/span><span class=\"wp-block-getwid-accordion__icon is-passive\"><i class=\"fas fa-minus\"><\/i><\/span><\/a><\/span><\/div><div class=\"wp-block-getwid-accordion__content-wrapper\"><div class=\"wp-block-getwid-accordion__content\">\n<p>Svar: Ja, det kostar oss lika mycket att k\u00f6ra b\u00e5ten tom som med passagerare, d\u00e4rf\u00f6r f\u00e5r du betala f\u00f6r hela den tid b\u00e5ten \u00e4r ute.<\/p>\n<\/div><\/div>\n\n\n\n<div class=\"wp-block-getwid-accordion__header-wrapper\"><span class=\"wp-block-getwid-accordion__header\"><a href=\"#\"><span class=\"wp-block-getwid-accordion__header-title\">Vilken typ av mat kan ni servera?<\/span><span class=\"wp-block-getwid-accordion__icon is-active\"><i class=\"fas fa-plus\"><\/i><\/span><span class=\"wp-block-getwid-accordion__icon is-passive\"><i class=\"fas fa-minus\"><\/i><\/span><\/a><\/span><\/div><div class=\"wp-block-getwid-accordion__content-wrapper\"><div class=\"wp-block-getwid-accordion__content\">\n<p>Svar: Vi kan servera allt fr\u00e5n sm\u00f6rg\u00e5sar till trer\u00e4tters middagar.<\/p>\n<\/div><\/div>\n\n\n\n<div class=\"wp-block-getwid-accordion__header-wrapper\"><span class=\"wp-block-getwid-accordion__header\"><a href=\"#\"><span class=\"wp-block-getwid-accordion__header-title\">Kan vi sj\u00e4lva st\u00e5 f\u00f6r alkoholen under v\u00e5r resa?<\/span><span class=\"wp-block-getwid-accordion__icon is-active\"><i class=\"fas fa-plus\"><\/i><\/span><span class=\"wp-block-getwid-accordion__icon is-passive\"><i class=\"fas fa-minus\"><\/i><\/span><\/a><\/span><\/div><div class=\"wp-block-getwid-accordion__content-wrapper\"><div class=\"wp-block-getwid-accordion__content\">\n<p>Svar: Nej, vi har ett serveringstillst\u00e5nd f\u00f6r alkohol och fungerar som vilken restaurang som helst. Man tar inte med sig egen mat eller dryck till en restaurang.<\/p>\n<\/div><\/div>\n\n\n\n<div class=\"wp-block-getwid-accordion__header-wrapper\"><span class=\"wp-block-getwid-accordion__header\"><a href=\"#\"><span class=\"wp-block-getwid-accordion__header-title\">Hur g\u00f6r man om man vill chartra b\u00e5ten?<\/span><span class=\"wp-block-getwid-accordion__icon is-active\"><i class=\"fas fa-plus\"><\/i><\/span><span class=\"wp-block-getwid-accordion__icon is-passive\"><i class=\"fas fa-minus\"><\/i><\/span><\/a><\/span><\/div><div class=\"wp-block-getwid-accordion__content-wrapper\"><div class=\"wp-block-getwid-accordion__content\">\n<p>Fyll i charterformul\u00e4ret s\u00e5 h\u00f6r vi av oss till dig.<\/p>\n<\/div><\/div>\n<\/div>\n\n\n\n<div class=\"wp-block-kadence-spacer aligncenter kt-block-spacer-411_13d406-d4\"><div class=\"kt-block-spacer kt-block-spacer-halign-center\"><hr class=\"kt-divider\"\/><\/div><\/div>\n\n\n\n<p>Vi har fullst\u00e4ndiga r\u00e4ttigheter. <br>V\u00e5rt \u00c5ngb\u00e5ts-\u00d6l \u00e4r v\u00e4lrenommerat.<br>P\u00e5 v\u00e4derd\u00e4ck och akterd\u00e4ck kan passagerarna vistas under tak.<br>* S\/S Bohusl\u00e4n f\u00e4rdas normalt i S\u00f6dra och Norra sk\u00e4rg\u00e5rden samt G\u00f6ta \u00c4lv.<br>* S\/S Bohusl\u00e4n utg\u00e5r som regel fr\u00e5n Stenpiren.<br>* S\/S Bohusl\u00e4n byggdes 1914 p\u00e5 Eriksbergs mekaniska verkstad och \u00e4r v\u00e4l bevarad i originalskick.<br>En rundtur i sk\u00e4rg\u00e5rden tar ca tre timmar, en tur-och-returresa till Marstrand drygt fem timmar plus \u00f6nskad tid i land.<br>Under resans g\u00e5ng f\u00e5r man sj\u00e4lvklart lov att g\u00e5 ner och se v\u00e5rt maskinrum, samt \u00e4ven bes\u00f6ka v\u00e5r kapten uppe p\u00e5 bryggan.<\/p>\n\n\n\n<div class=\"wp-block-columns is-layout-flex wp-container-core-columns-is-layout-9d6595d7 wp-block-columns-is-layout-flex\">\n<div class=\"wp-block-column is-vertically-aligned-center is-layout-flow wp-block-column-is-layout-flow\">\n<figure class=\"wp-block-image size-full\"><img loading=\"lazy\" decoding=\"async\" width=\"150\" height=\"200\" src=\"https:\/\/steamboat.se\/wp-content\/uploads\/2023\/05\/Laxtallrik-YH.webp\" alt=\"\" class=\"wp-image-2170\"\/><\/figure>\n<\/div>\n\n\n\n<div class=\"wp-block-column is-layout-flow wp-block-column-is-layout-flow\">\n<figure class=\"wp-block-image size-full\"><img loading=\"lazy\" decoding=\"async\" width=\"158\" height=\"210\" src=\"https:\/\/steamboat.se\/wp-content\/uploads\/2023\/05\/charter-cafe-pax-2021.png\" alt=\"\" class=\"wp-image-2169\"\/><\/figure>\n<\/div>\n<\/div>\n<\/div><\/div>\n\n\n\n<div class=\"wp-block-kadence-column kadence-column411_9ecaac-ea\"><div class=\"kt-inside-inner-col\">\n<h3 class=\"wp-block-heading has-text-align-center\">Charterformul\u00e4r<\/h3>\n\n\n\n<div class=\"wpcf7 no-js\" id=\"wpcf7-f1085-o1\" lang=\"sv-SE\" dir=\"ltr\" data-wpcf7-id=\"1085\">\n<div class=\"screen-reader-response\"><p role=\"status\" aria-live=\"polite\" aria-atomic=\"true\"><\/p> <ul><\/ul><\/div>\n<form action=\"\/sv_se\/wp-json\/wp\/v2\/pages\/411#wpcf7-f1085-o1\" method=\"post\" class=\"wpcf7-form init\" aria-label=\"Kontaktformul\u00e4r\" novalidate=\"novalidate\" data-status=\"init\">\n<fieldset class=\"hidden-fields-container\"><input type=\"hidden\" name=\"_wpcf7\" value=\"1085\" \/><input type=\"hidden\" name=\"_wpcf7_version\" value=\"6.1.5\" \/><input type=\"hidden\" name=\"_wpcf7_locale\" value=\"sv_SE\" \/><input type=\"hidden\" name=\"_wpcf7_unit_tag\" value=\"wpcf7-f1085-o1\" \/><input type=\"hidden\" name=\"_wpcf7_container_post\" value=\"0\" \/><input type=\"hidden\" name=\"_wpcf7_posted_data_hash\" value=\"\" \/>\n<\/fieldset>\n<p><label> Ditt namn (*) <span class=\"wpcf7-form-control-wrap\" data-name=\"your-name\"><input size=\"40\" maxlength=\"400\" class=\"wpcf7-form-control wpcf7-text wpcf7-validates-as-required\" autocomplete=\"name\" aria-required=\"true\" aria-invalid=\"false\" value=\"\" type=\"text\" name=\"your-name\" \/><\/span> <\/label><br \/>\n<em>\n\t\t<font color=\"red\">(*) = Obligatorisk uppgift.\n\t\t<\/font><\/em>\n<\/p>\n<p><label> Din e-post (*) <span class=\"wpcf7-form-control-wrap\" data-name=\"your-email\"><input size=\"40\" maxlength=\"400\" class=\"wpcf7-form-control wpcf7-email wpcf7-validates-as-required wpcf7-text wpcf7-validates-as-email\" autocomplete=\"email\" aria-required=\"true\" aria-invalid=\"false\" value=\"\" type=\"email\" name=\"your-email\" \/><\/span> <\/label>\n<\/p>\n<p><label> Telefonnummer: <span class=\"wpcf7-form-control-wrap\" data-name=\"tel-701\"><input size=\"40\" maxlength=\"400\" class=\"wpcf7-form-control wpcf7-tel wpcf7-text wpcf7-validates-as-tel\" aria-invalid=\"false\" placeholder=\"Telefonnummer\" value=\"\" type=\"tel\" name=\"tel-701\" \/><\/span><\/label><br \/>\n<label> Mobilnummer: <span class=\"wpcf7-form-control-wrap\" data-name=\"tel-255\"><input size=\"40\" maxlength=\"400\" class=\"wpcf7-form-control wpcf7-tel wpcf7-text wpcf7-validates-as-tel\" aria-invalid=\"false\" placeholder=\"Mobilnummer:\" value=\"\" type=\"tel\" name=\"tel-255\" \/><\/span><\/label>\n<\/p>\n<p><label> Resans \u00e4mne\/\u00e4ndam\u00e5l: (*) <span class=\"wpcf7-form-control-wrap\" data-name=\"your-subject\"><input size=\"40\" maxlength=\"400\" class=\"wpcf7-form-control wpcf7-text wpcf7-validates-as-required\" aria-required=\"true\" aria-invalid=\"false\" value=\"\" type=\"text\" name=\"your-subject\" \/><\/span> <\/label>\n<\/p>\n<p><label>Datum f\u00f6r charter (*) <span class=\"wpcf7-form-control-wrap\" data-name=\"date-80\"><input class=\"wpcf7-form-control wpcf7-date wpcf7-validates-as-required wpcf7-validates-as-date\" aria-required=\"true\" aria-invalid=\"false\" placeholder=\"Datum f\u00f6r charter\" value=\"\" type=\"date\" name=\"date-80\" \/><\/span><\/label>\n<\/p>\n<p><label>Alternativt datum-1 <span class=\"wpcf7-form-control-wrap\" data-name=\"date-81\"><input class=\"wpcf7-form-control wpcf7-date wpcf7-validates-as-date\" aria-invalid=\"false\" placeholder=\"Alternativt datum f\u00f6r charter-1\" value=\"\" type=\"date\" name=\"date-81\" \/><\/span><\/label>\n<\/p>\n<p><label>Alternativt datum-2 <span class=\"wpcf7-form-control-wrap\" data-name=\"date-82\"><input class=\"wpcf7-form-control wpcf7-date wpcf7-validates-as-date\" aria-invalid=\"false\" placeholder=\"Alternativt datum f\u00f6r charter-2\" value=\"\" type=\"date\" name=\"date-82\" \/><\/span><\/label>\n<\/p>\n<p><label> Vart \u00f6nskar ni \u00e5ka? <span class=\"wpcf7-form-control-wrap\" data-name=\"text-536\"><input size=\"40\" maxlength=\"400\" class=\"wpcf7-form-control wpcf7-text\" aria-invalid=\"false\" placeholder=\"Vart \u00f6nskar ni \u00e5ka?\" value=\"\" type=\"text\" name=\"text-536\" \/><\/span> <\/label>\n<\/p>\n<p><label> \u00d6nskar ni f\u00f6rt\u00e4ring ombord? <span class=\"wpcf7-form-control-wrap\" data-name=\"text-537\"><input size=\"40\" maxlength=\"400\" class=\"wpcf7-form-control wpcf7-text\" aria-invalid=\"false\" placeholder=\"\u00d6nskar ni f\u00f6rt\u00e4ring ombord\" value=\"\" type=\"text\" name=\"text-537\" \/><\/span> <\/label><br \/>\n<label> Ditt meddelande (valfritt)<br \/>\n<span class=\"wpcf7-form-control-wrap\" data-name=\"your-message\"><textarea cols=\"40\" rows=\"10\" maxlength=\"2000\" class=\"wpcf7-form-control wpcf7-textarea\" aria-invalid=\"false\" name=\"your-message\"><\/textarea><\/span> <\/label>\n<\/p>\n<p><p><span class=\"wpcf7-form-control-wrap\"><div class=\"f12t\"><input type=\"hidden\" class=\"f12_timer\" name=\"f12_multiple_submission_protection\" value=\"$2y$10$tO8PpknA76s4V8REuEjQXedlSDG\/GjpOVOon2adnGJdf9wnca9aLi\"\/><\/div><div class=\"f12t\"><input type=\"hidden\" class=\"f12_timer\" name=\"f12_timer\" value=\"$2y$10$GpNI76eSwqmb2XrFO874zeJR\/QuqReybEofaRsPX\/uh3tfnseKqXS\"\/><\/div><div class=\"f12-captcha template-1\">\r\n\t        <!-- Label correctly linked with `for` -->\r\n        <label for=\"c_56480c16634084ce8b4e\" class=\"c-label\">\r\n\t\t\tBer\u00e4kna och skriv in svaret. Tryck sedan p\u00e5 Skicka!        <\/label>\r\n\t\r\n    <div class=\"c-header\">\r\n        <div class=\"c-input\">\r\n            <!-- Dynamische CAPTCHA-Daten mit Aria LIVE aktualisieren -->\r\n            <div class=\"c-data\" aria-live=\"polite\" aria-atomic=\"true\" aria-describedby=\"captcha-instructions\">\r\n\t\t\t\t<span class=\"captcha-calculation\">7 + 5 = ?<\/span>            <\/div>\r\n\r\n            <div class=\"\" >\r\n\t\t\t\t\r\n                <!-- Text field for user input -->\r\n                <input class=\"f12c \"\r\n                       data-method=\"math\"                        type=\"text\" id=\"c_56480c16634084ce8b4e\"\r\n                       name=\"f12_captcha\"\r\n                       placeholder=\"Captcha\"\r\n                       value=\"\" aria-required=\"true\"\r\n                       aria-labelledby=\"\"\r\n                       aria-describedby=\"captcha-instructions\"\/>\r\n            <\/div>\r\n        <\/div>\r\n\r\n        <!-- Button for CAPTCHA reload -->\r\n        <div class=\"c-reload\" role=\"button\" tabindex=\"0\" aria-label=\"Ladda om CAPTCHA\">\r\n\t\t\t<a href=\"#\" class=\"cf7 captcha-reload\" style=\"display:inline-flex !important; align-items:center !important; justify-content:center !important; background-color:#2196f3 !important; padding:3px !important; border-radius:3px !important; line-height:0 !important; box-sizing:content-box !important; text-decoration:none !important;\" title=\"Ladda om CAPTCHA\"><img decoding=\"async\" style=\"display:block !important; width:16px !important; height:16px !important; max-width:none !important; margin:0 !important; padding:0 !important;\" src=\"https:\/\/steamboat.se\/wp-content\/plugins\/captcha-for-contact-form-7\/core\/assets\/reload-icon.png\" alt=\"Ladda om\"\/><\/a>        <\/div>\r\n\t\t    <\/div>\r\n\r\n    <!-- Hidden input field for HASH values -->\r\n    <input type=\"hidden\" id=\"hash_c_56480c16634084ce8b4e\"\r\n           name=\"f12_captcha_hash\"\r\n           value=\"$2y$10$wB8J2m92JtmcsFhSHQtX6uxJsmPPhF8iHIsKGAO0oEn7qYVox\/c42\"\/>\r\n\r\n    <!-- Screenreader-Beschreibung -->\r\n    <p id=\"captcha-instructions\" class=\"screen-reader-text\">\r\n\t\tDenna CAPTCHA hj\u00e4lper till att s\u00e4kerst\u00e4lla att du \u00e4r m\u00e4nniska. Ange de beg\u00e4rda tecknen.    <\/p>\r\n<\/div><input type=\"hidden\" name=\"behavior_nonce\" value=\"\" \/><script>\r\n(function(){\r\n\tvar el = document.currentScript;\r\n\tif (!el) return;\r\n\tvar form = el.closest(\"form\");\r\n\tif (!form || form.dataset.ssInit === \"1\") return;\r\n\tform.dataset.ssInit = \"1\";\r\n\tform.dataset.ssMode = \"protect\";\r\n\tform.dataset.ssSource = \"rule\";\r\n})();\r\n<\/script><\/span><\/p><input class=\"wpcf7-form-control wpcf7-submit has-spinner\" type=\"submit\" value=\"Skicka\" \/>\n<\/p><p style=\"display: none !important;\" class=\"akismet-fields-container\" data-prefix=\"_wpcf7_ak_\"><label>&#916;<textarea name=\"_wpcf7_ak_hp_textarea\" cols=\"45\" rows=\"8\" maxlength=\"100\"><\/textarea><\/label><input type=\"hidden\" id=\"ak_js_1\" name=\"_wpcf7_ak_js\" value=\"63\"\/><script>document.getElementById( \"ak_js_1\" ).setAttribute( \"value\", ( new Date() ).getTime() );<\/script><\/p><div class=\"wpcf7-response-output\" aria-hidden=\"true\"><\/div>\n<\/form>\n<\/div>\n\n<\/div><\/div>\n\n<\/div><\/div><style class=\"advgb-styles-renderer\">.kb-row-layout-id411_9d003e-84 > .kt-row-column-wrap{align-content:start;}:where(.kb-row-layout-id411_9d003e-84 > .kt-row-column-wrap) > .wp-block-kadence-column{justify-content:start;}.kb-row-layout-id411_9d003e-84 > .kt-row-column-wrap{column-gap:var(--global-kb-gap-md, 2rem);row-gap:var(--global-kb-gap-md, 2rem);grid-template-columns:minmax(0, 1fr);}.kb-row-layout-id411_9d003e-84 > .kt-row-layout-overlay{opacity:0.30;}@media all and (max-width: 1024px){.kb-row-layout-id411_9d003e-84 > .kt-row-column-wrap{grid-template-columns:minmax(0, 1fr);}}@media all and (max-width: 767px){.kb-row-layout-id411_9d003e-84 > .kt-row-column-wrap{grid-template-columns:minmax(0, 1fr);}}.kadence-column411_c05d0f-e5 > .kt-inside-inner-col,.kadence-column411_c05d0f-e5 > .kt-inside-inner-col:before{border-top-left-radius:0px;border-top-right-radius:0px;border-bottom-right-radius:0px;border-bottom-left-radius:0px;}.kadence-column411_c05d0f-e5 > .kt-inside-inner-col{column-gap:var(--global-kb-gap-sm, 1rem);}.kadence-column411_c05d0f-e5 > .kt-inside-inner-col{flex-direction:column;}.kadence-column411_c05d0f-e5 > .kt-inside-inner-col > .aligncenter{width:100%;}.kadence-column411_c05d0f-e5 > .kt-inside-inner-col:before{opacity:0.3;}.kadence-column411_c05d0f-e5{position:relative;}@media all and (max-width: 1024px){.kadence-column411_c05d0f-e5 > .kt-inside-inner-col{flex-direction:column;justify-content:center;}}@media all and (max-width: 767px){.kadence-column411_c05d0f-e5 > .kt-inside-inner-col{flex-direction:column;justify-content:center;}}.kb-row-layout-id411_6ca4e8-b0 > .kt-row-column-wrap{align-content:start;}:where(.kb-row-layout-id411_6ca4e8-b0 > .kt-row-column-wrap) > .wp-block-kadence-column{justify-content:start;}.kb-row-layout-id411_6ca4e8-b0 > .kt-row-column-wrap{column-gap:var(--global-kb-gap-md, 2rem);row-gap:var(--global-kb-gap-md, 2rem);padding-top:var(--global-kb-spacing-sm, 1.5rem);padding-bottom:var(--global-kb-spacing-sm, 1.5rem);grid-template-columns:repeat(2, minmax(0, 1fr));}.kb-row-layout-id411_6ca4e8-b0 > .kt-row-layout-overlay{opacity:0.30;}@media all and (max-width: 1024px){.kb-row-layout-id411_6ca4e8-b0 > .kt-row-column-wrap{grid-template-columns:repeat(2, minmax(0, 1fr));}}@media all and (max-width: 767px){.kb-row-layout-id411_6ca4e8-b0 > .kt-row-column-wrap{grid-template-columns:minmax(0, 1fr);}}.kadence-column411_1034d6-f6 > .kt-inside-inner-col,.kadence-column411_1034d6-f6 > .kt-inside-inner-col:before{border-top-left-radius:0px;border-top-right-radius:0px;border-bottom-right-radius:0px;border-bottom-left-radius:0px;}.kadence-column411_1034d6-f6 > .kt-inside-inner-col{column-gap:var(--global-kb-gap-sm, 1rem);}.kadence-column411_1034d6-f6 > .kt-inside-inner-col{flex-direction:column;}.kadence-column411_1034d6-f6 > .kt-inside-inner-col > .aligncenter{width:100%;}.kadence-column411_1034d6-f6 > .kt-inside-inner-col:before{opacity:0.3;}.kadence-column411_1034d6-f6{position:relative;}@media all and (max-width: 1024px){.kadence-column411_1034d6-f6 > .kt-inside-inner-col{flex-direction:column;justify-content:center;}}@media all and (max-width: 767px){.kadence-column411_1034d6-f6 > .kt-inside-inner-col{flex-direction:column;justify-content:center;}}.wp-block-kadence-spacer.kt-block-spacer-411_13d406-d4 .kt-block-spacer{height:63px;}.wp-block-kadence-spacer.kt-block-spacer-411_13d406-d4 .kt-divider{border-top-width:5px;height:1px;border-top-color:var(--global-palette1, #3182CE);width:90%;border-top-style:solid;}.kadence-column411_9ecaac-ea > .kt-inside-inner-col{padding-left:var(--global-kb-spacing-xxs, 0.5rem);}.kadence-column411_9ecaac-ea > .kt-inside-inner-col{border-top:2px solid var(--global-palette1, #3182CE);border-right:2px solid var(--global-palette1, #3182CE);border-bottom:2px solid var(--global-palette1, #3182CE);border-left:2px solid var(--global-palette1, #3182CE);}.kadence-column411_9ecaac-ea > .kt-inside-inner-col,.kadence-column411_9ecaac-ea > .kt-inside-inner-col:before{border-top-left-radius:8px;border-top-right-radius:8px;border-bottom-right-radius:8px;border-bottom-left-radius:8px;}.kadence-column411_9ecaac-ea > .kt-inside-inner-col{column-gap:var(--global-kb-gap-sm, 1rem);}.kadence-column411_9ecaac-ea > .kt-inside-inner-col{flex-direction:column;}.kadence-column411_9ecaac-ea > .kt-inside-inner-col > .aligncenter{width:100%;}.kadence-column411_9ecaac-ea > .kt-inside-inner-col:before{opacity:0.3;}.kadence-column411_9ecaac-ea{position:relative;}@media all and (max-width: 1024px){.kadence-column411_9ecaac-ea > .kt-inside-inner-col{border-top:2px solid var(--global-palette1, #3182CE);border-right:2px solid var(--global-palette1, #3182CE);border-bottom:2px solid var(--global-palette1, #3182CE);border-left:2px solid var(--global-palette1, #3182CE);flex-direction:column;justify-content:center;}}@media all and (max-width: 767px){.kadence-column411_9ecaac-ea > .kt-inside-inner-col{border-top:2px solid var(--global-palette1, #3182CE);border-right:2px solid var(--global-palette1, #3182CE);border-bottom:2px solid var(--global-palette1, #3182CE);border-left:2px solid var(--global-palette1, #3182CE);flex-direction:column;justify-content:center;}}<\/style>","protected":false},"excerpt":{"rendered":"<p>Charterinformation \u00c5ngaren BOHUSL\u00c4N F\u00f6r n\u00e4rmare upplysningar och bokning:&nbsp;&#8211; Fyll i v\u00e5rt Charterformul\u00e4r h\u00e4r nedanf\u00f6r. Vanliga fr\u00e5gor med svar Vi har fullst\u00e4ndiga r\u00e4ttigheter. V\u00e5rt \u00c5ngb\u00e5ts-\u00d6l \u00e4r v\u00e4lrenommerat.P\u00e5 v\u00e4derd\u00e4ck och akterd\u00e4ck kan passagerarna vistas under tak.* S\/S Bohusl\u00e4n f\u00e4rdas normalt i S\u00f6dra och Norra sk\u00e4rg\u00e5rden samt G\u00f6ta \u00c4lv.* S\/S Bohusl\u00e4n utg\u00e5r som regel fr\u00e5n Stenpiren.* S\/S Bohusl\u00e4n&#8230;<\/p>\n","protected":false},"author":1,"featured_media":0,"parent":1524,"menu_order":0,"comment_status":"closed","ping_status":"closed","template":"","meta":{"advgb_blocks_editor_width":"","advgb_blocks_columns_visual_guide":"","_kadence_starter_templates_imported_post":false,"_kad_post_transparent":"","_kad_post_title":"hide","_kad_post_layout":"","_kad_post_sidebar_id":"","_kad_post_content_style":"","_kad_post_vertical_padding":"","_kad_post_feature":"","_kad_post_feature_position":"","_kad_post_header":false,"_kad_post_footer":false,"_kad_post_classname":"","footnotes":""},"categories":[14],"tags":[],"class_list":["post-411","page","type-page","status-publish","hentry","category-charterformular-ssb"],"coauthors":[],"author_meta":{"author_link":"https:\/\/steamboat.se\/sv_se\/author\/stb2023-sp\/","display_name":"Ad"},"relative_dates":{"created":"Publicerad 4 \u00e5r sedan","modified":"Uppdaterad 3 veckor sedan"},"absolute_dates":{"created":"Publicerat den 20 juli 2022","modified":"Uppdaterad den 1 april 2026"},"absolute_dates_time":{"created":"Publicerat den 20 juli 2022 10:58","modified":"Uppdaterad den 1 april 2026 12:32"},"featured_img_caption":"","featured_img":false,"series_order":"","_links":{"self":[{"href":"https:\/\/steamboat.se\/sv_se\/wp-json\/wp\/v2\/pages\/411","targetHints":{"allow":["GET"]}}],"collection":[{"href":"https:\/\/steamboat.se\/sv_se\/wp-json\/wp\/v2\/pages"}],"about":[{"href":"https:\/\/steamboat.se\/sv_se\/wp-json\/wp\/v2\/types\/page"}],"author":[{"embeddable":true,"href":"https:\/\/steamboat.se\/sv_se\/wp-json\/wp\/v2\/users\/1"}],"replies":[{"embeddable":true,"href":"https:\/\/steamboat.se\/sv_se\/wp-json\/wp\/v2\/comments?post=411"}],"version-history":[{"count":3,"href":"https:\/\/steamboat.se\/sv_se\/wp-json\/wp\/v2\/pages\/411\/revisions"}],"predecessor-version":[{"id":12978,"href":"https:\/\/steamboat.se\/sv_se\/wp-json\/wp\/v2\/pages\/411\/revisions\/12978"}],"up":[{"embeddable":true,"href":"https:\/\/steamboat.se\/sv_se\/wp-json\/wp\/v2\/pages\/1524"}],"wp:attachment":[{"href":"https:\/\/steamboat.se\/sv_se\/wp-json\/wp\/v2\/media?parent=411"}],"wp:term":[{"taxonomy":"category","embeddable":true,"href":"https:\/\/steamboat.se\/sv_se\/wp-json\/wp\/v2\/categories?post=411"},{"taxonomy":"post_tag","embeddable":true,"href":"https:\/\/steamboat.se\/sv_se\/wp-json\/wp\/v2\/tags?post=411"}],"curies":[{"name":"wp","href":"https:\/\/api.w.org\/{rel}","templated":true}]}}