{"id":4407,"date":"2024-04-14T10:33:25","date_gmt":"2024-04-14T08:33:25","guid":{"rendered":"https:\/\/steamboat.se\/?page_id=4407"},"modified":"2025-06-21T16:59:47","modified_gmt":"2025-06-21T14:59:47","slug":"besattningssida","status":"publish","type":"page","link":"https:\/\/steamboat.se\/sv_se\/besattningssida\/","title":{"rendered":"Bes\u00e4ttningssida"},"content":{"rendered":"<div class=\"kb-row-layout-wrap kb-row-layout-id4407_abc4cf-63 alignnone wp-block-kadence-rowlayout\"><div class=\"kt-row-column-wrap kt-has-1-columns kt-row-layout-equal kt-tab-layout-inherit kt-mobile-layout-row kt-row-valign-top\">\n\n<div class=\"wp-block-kadence-column kadence-column4407_544b0b-21\"><div class=\"kt-inside-inner-col\">\n<h2 class=\"kt-adv-heading4407_c3b432-f0 wp-block-kadence-advancedheading\" data-kb-block=\"kb-adv-heading4407_c3b432-f0\">Bes\u00e4ttningssidor &#8211; v\u00e4lj vidare . . . <\/h2>\n<\/div><\/div>\n\n<\/div><\/div>\n\n<div class=\"kb-row-layout-wrap kb-row-layout-id4407_f500e4-50 alignnone wp-block-kadence-rowlayout\"><div class=\"kt-row-column-wrap kt-has-3-columns kt-row-layout-equal kt-tab-layout-inherit kt-mobile-layout-row kt-row-valign-top\">\n\n<div class=\"wp-block-kadence-column kadence-column4407_cdd1ad-26 kb-section-has-link\"><div class=\"kt-inside-inner-col\">\n<h2 class=\"wp-block-heading has-text-align-center\">Bohusl\u00e4n<\/h2>\n\n\n<div class=\"wp-block-image\">\n<figure class=\"aligncenter size-medium is-resized has-custom-border\"><img loading=\"lazy\" decoding=\"async\" width=\"300\" height=\"201\" src=\"https:\/\/steamboat.se\/wp-content\/uploads\/2023\/09\/SS_Bohuslan-320x214-1-300x201.jpg\" alt=\"\" class=\"has-border-color has-theme-palette-9-border-color wp-image-2627\" style=\"border-width:2px;border-radius:8px;width:auto;height:150px\" srcset=\"https:\/\/steamboat.se\/wp-content\/uploads\/2023\/09\/SS_Bohuslan-320x214-1-300x201.jpg 300w, https:\/\/steamboat.se\/wp-content\/uploads\/2023\/09\/SS_Bohuslan-320x214-1.jpg 320w\" sizes=\"auto, (max-width: 300px) 100vw, 300px\" \/><\/figure>\n<\/div><\/div><a href=\"https:\/\/steamboat.se\/besattning\/\" class=\"kb-section-link-overlay\"><\/a><\/div>\n\n\n\n<div class=\"wp-block-kadence-column kadence-column4407_ba589c-16 kb-section-has-link\"><div class=\"kt-inside-inner-col\">\n<h2 class=\"wp-block-heading has-text-align-center\">F\u00e4rjan 4<\/h2>\n\n\n<div class=\"wp-block-image\">\n<figure class=\"aligncenter size-full is-resized has-custom-border\"><img loading=\"lazy\" decoding=\"async\" width=\"2560\" height=\"1288\" src=\"https:\/\/steamboat.se\/wp-content\/uploads\/2023\/03\/IMG_3205-scaled.jpg\" alt=\"\" class=\"has-border-color wp-image-1422\" style=\"border-color:var(--global-palette9);border-width:2px;border-radius:8px;width:auto;height:150px\" srcset=\"https:\/\/steamboat.se\/wp-content\/uploads\/2023\/03\/IMG_3205-scaled.jpg 2560w, https:\/\/steamboat.se\/wp-content\/uploads\/2023\/03\/IMG_3205-300x151.jpg 300w, https:\/\/steamboat.se\/wp-content\/uploads\/2023\/03\/IMG_3205-1024x515.jpg 1024w, https:\/\/steamboat.se\/wp-content\/uploads\/2023\/03\/IMG_3205-768x386.jpg 768w, https:\/\/steamboat.se\/wp-content\/uploads\/2023\/03\/IMG_3205-1536x773.jpg 1536w, https:\/\/steamboat.se\/wp-content\/uploads\/2023\/03\/IMG_3205-2048x1030.jpg 2048w\" sizes=\"auto, (max-width: 2560px) 100vw, 2560px\" \/><\/figure>\n<\/div><\/div><a href=\"https:\/\/steamboat.se\/besattning-f4\/\" class=\"kb-section-link-overlay\"><\/a><\/div>\n\n\n\n<div class=\"wp-block-kadence-column kadence-column4407_734f32-bc kb-section-has-link\"><div class=\"kt-inside-inner-col\">\n<h2 class=\"wp-block-heading has-text-align-center\">S\u00e4llskapet<\/h2>\n\n\n<div class=\"wp-block-image\">\n<figure class=\"aligncenter size-full is-resized has-custom-border\"><img loading=\"lazy\" decoding=\"async\" width=\"2560\" height=\"1154\" src=\"https:\/\/steamboat.se\/wp-content\/uploads\/2023\/11\/06-20230708_171314-scaled.jpg\" alt=\"\" class=\"has-border-color wp-image-3095\" style=\"border-color:var(--global-palette9);border-width:2px;border-radius:8px;width:auto;height:150px\" srcset=\"https:\/\/steamboat.se\/wp-content\/uploads\/2023\/11\/06-20230708_171314-scaled.jpg 2560w, https:\/\/steamboat.se\/wp-content\/uploads\/2023\/11\/06-20230708_171314-300x135.jpg 300w, https:\/\/steamboat.se\/wp-content\/uploads\/2023\/11\/06-20230708_171314-1024x462.jpg 1024w, https:\/\/steamboat.se\/wp-content\/uploads\/2023\/11\/06-20230708_171314-768x346.jpg 768w, https:\/\/steamboat.se\/wp-content\/uploads\/2023\/11\/06-20230708_171314-1536x692.jpg 1536w, https:\/\/steamboat.se\/wp-content\/uploads\/2023\/11\/06-20230708_171314-2048x923.jpg 2048w\" sizes=\"auto, (max-width: 2560px) 100vw, 2560px\" \/><\/figure>\n<\/div><\/div><a href=\"https:\/\/steamboat.se\/besattningssida\/besattning-sallskapet\/\" class=\"kb-section-link-overlay\"><\/a><\/div>\n\n<\/div><\/div>\n\n<div class=\"kb-row-layout-wrap kb-row-layout-id4407_a20ff4-d7 alignnone wp-block-kadence-rowlayout\"><div class=\"kt-row-column-wrap kt-has-3-columns kt-row-layout-equal kt-tab-layout-inherit kt-mobile-layout-row kt-row-valign-top\">\n\n<div class=\"wp-block-kadence-column kadence-column4407_e8575f-41\"><div class=\"kt-inside-inner-col\">\n<h5 class=\"kt-adv-heading4407_7820cd-fe wp-block-kadence-advancedheading\" data-kb-block=\"kb-adv-heading4407_7820cd-fe\">&#8211; eller <\/h5>\n<\/div><\/div>\n\n\n\n<div class=\"wp-block-kadence-column kadence-column4407_4d4b0b-d5\"><div class=\"kt-inside-inner-col\"><div class=\"logged-out wp-block-loginout\"><a href=\"https:\/\/steamboat.se\/wp-login.php?redirect_to=https%3A%2F%2Fsteamboat.se%2Fsv_se%2Fwp-json%2Fwp%2Fv2%2Fpages%2F4407\">Logga in<\/a><\/div><\/div><\/div>\n\n\n\n<div class=\"wp-block-kadence-column kadence-column4407_243c92-00\"><div class=\"kt-inside-inner-col\"><\/div><\/div>\n\n<\/div><\/div><style class=\"advgb-styles-renderer\">.kb-row-layout-id4407_abc4cf-63 > .kt-row-column-wrap{align-content:start;}:where(.kb-row-layout-id4407_abc4cf-63 > .kt-row-column-wrap) > .wp-block-kadence-column{justify-content:start;}.kb-row-layout-id4407_abc4cf-63 > .kt-row-column-wrap{column-gap:var(--global-kb-gap-md, 2rem);row-gap:var(--global-kb-gap-md, 2rem);padding-top:var(--global-kb-spacing-sm, 1.5rem);padding-bottom:var(--global-kb-spacing-sm, 1.5rem);grid-template-columns:minmax(0, 1fr);}.kb-row-layout-id4407_abc4cf-63 > .kt-row-layout-overlay{opacity:0.30;}@media all and (max-width: 1024px){.kb-row-layout-id4407_abc4cf-63 > .kt-row-column-wrap{grid-template-columns:minmax(0, 1fr);}}@media all and (max-width: 767px){.kb-row-layout-id4407_abc4cf-63 > .kt-row-column-wrap{grid-template-columns:minmax(0, 1fr);}}.kadence-column4407_544b0b-21 > .kt-inside-inner-col,.kadence-column4407_544b0b-21 > .kt-inside-inner-col:before{border-top-left-radius:0px;border-top-right-radius:0px;border-bottom-right-radius:0px;border-bottom-left-radius:0px;}.kadence-column4407_544b0b-21 > .kt-inside-inner-col{column-gap:var(--global-kb-gap-sm, 1rem);}.kadence-column4407_544b0b-21 > .kt-inside-inner-col{flex-direction:column;}.kadence-column4407_544b0b-21 > .kt-inside-inner-col > .aligncenter{width:100%;}.kadence-column4407_544b0b-21 > .kt-inside-inner-col:before{opacity:0.3;}.kadence-column4407_544b0b-21{position:relative;}@media all and (max-width: 1024px){.kadence-column4407_544b0b-21 > .kt-inside-inner-col{flex-direction:column;justify-content:center;}}@media all and (max-width: 767px){.kadence-column4407_544b0b-21 > .kt-inside-inner-col{flex-direction:column;justify-content:center;}}.wp-block-kadence-advancedheading.kt-adv-heading4407_c3b432-f0, .wp-block-kadence-advancedheading.kt-adv-heading4407_c3b432-f0[data-kb-block=\"kb-adv-heading4407_c3b432-f0\"]{text-align:center;font-style:normal;}.wp-block-kadence-advancedheading.kt-adv-heading4407_c3b432-f0 mark.kt-highlight, .wp-block-kadence-advancedheading.kt-adv-heading4407_c3b432-f0[data-kb-block=\"kb-adv-heading4407_c3b432-f0\"] mark.kt-highlight{font-style:normal;color:#f76a0c;-webkit-box-decoration-break:clone;box-decoration-break:clone;padding-top:0px;padding-right:0px;padding-bottom:0px;padding-left:0px;}.wp-block-kadence-advancedheading.kt-adv-heading4407_c3b432-f0 img.kb-inline-image, .wp-block-kadence-advancedheading.kt-adv-heading4407_c3b432-f0[data-kb-block=\"kb-adv-heading4407_c3b432-f0\"] img.kb-inline-image{width:150px;vertical-align:baseline;}.kb-row-layout-id4407_f500e4-50 > .kt-row-column-wrap{align-content:start;}:where(.kb-row-layout-id4407_f500e4-50 > .kt-row-column-wrap) > .wp-block-kadence-column{justify-content:start;}.kb-row-layout-id4407_f500e4-50 > .kt-row-column-wrap{column-gap:var(--global-kb-gap-md, 2rem);row-gap:var(--global-kb-gap-md, 2rem);padding-top:var(--global-kb-spacing-sm, 1.5rem);padding-bottom:var(--global-kb-spacing-sm, 1.5rem);}.kb-row-layout-id4407_f500e4-50 > .kt-row-column-wrap > div:not(.added-for-specificity){grid-column:initial;}.kb-row-layout-id4407_f500e4-50 > .kt-row-column-wrap{grid-template-columns:repeat(3, minmax(0, 1fr));}.kb-row-layout-id4407_f500e4-50 > .kt-row-layout-overlay{opacity:0.30;}@media all and (max-width: 1024px){.kb-row-layout-id4407_f500e4-50 > .kt-row-column-wrap > div:not(.added-for-specificity){grid-column:initial;}}@media all and (max-width: 1024px){.kb-row-layout-id4407_f500e4-50 > .kt-row-column-wrap{grid-template-columns:repeat(3, minmax(0, 1fr));}}@media all and (max-width: 767px){.kb-row-layout-id4407_f500e4-50 > .kt-row-column-wrap > div:not(.added-for-specificity){grid-column:initial;}.kb-row-layout-id4407_f500e4-50 > .kt-row-column-wrap{grid-template-columns:minmax(0, 1fr);}}.kadence-column4407_cdd1ad-26 > .kt-inside-inner-col{padding-bottom:var(--global-kb-spacing-xxs, 0.5rem);}.kadence-column4407_cdd1ad-26 > .kt-inside-inner-col{border-top:2px solid var(--global-palette2, #2B6CB0);border-right:2px solid var(--global-palette2, #2B6CB0);border-bottom:2px solid var(--global-palette2, #2B6CB0);border-left:2px solid var(--global-palette2, #2B6CB0);}.kadence-column4407_cdd1ad-26 > .kt-inside-inner-col,.kadence-column4407_cdd1ad-26 > .kt-inside-inner-col:before{border-top-left-radius:8px;border-top-right-radius:8px;border-bottom-right-radius:8px;border-bottom-left-radius:8px;}.kadence-column4407_cdd1ad-26 > .kt-inside-inner-col{column-gap:var(--global-kb-gap-sm, 1rem);}.kadence-column4407_cdd1ad-26 > .kt-inside-inner-col{flex-direction:column;}.kadence-column4407_cdd1ad-26 > .kt-inside-inner-col > .aligncenter{width:100%;}.kadence-column4407_cdd1ad-26 > .kt-inside-inner-col:before{opacity:0.3;}.kadence-column4407_cdd1ad-26{position:relative;}@media all and (max-width: 1024px){.kadence-column4407_cdd1ad-26 > .kt-inside-inner-col{border-top:2px solid var(--global-palette2, #2B6CB0);border-right:2px solid var(--global-palette2, #2B6CB0);border-bottom:2px solid var(--global-palette2, #2B6CB0);border-left:2px solid var(--global-palette2, #2B6CB0);flex-direction:column;justify-content:center;}}@media all and (max-width: 767px){.kadence-column4407_cdd1ad-26 > .kt-inside-inner-col{border-top:2px solid var(--global-palette2, #2B6CB0);border-right:2px solid var(--global-palette2, #2B6CB0);border-bottom:2px solid var(--global-palette2, #2B6CB0);border-left:2px solid var(--global-palette2, #2B6CB0);flex-direction:column;justify-content:center;}}.kadence-column4407_ba589c-16 > .kt-inside-inner-col{padding-bottom:var(--global-kb-spacing-xxs, 0.5rem);}.kadence-column4407_ba589c-16 > .kt-inside-inner-col{border-top:2px solid var(--global-palette2, #2B6CB0);border-right:2px solid var(--global-palette2, #2B6CB0);border-bottom:2px solid var(--global-palette2, #2B6CB0);border-left:2px solid var(--global-palette2, #2B6CB0);}.kadence-column4407_ba589c-16 > .kt-inside-inner-col,.kadence-column4407_ba589c-16 > .kt-inside-inner-col:before{border-top-left-radius:8px;border-top-right-radius:8px;border-bottom-right-radius:8px;border-bottom-left-radius:8px;}.kadence-column4407_ba589c-16 > .kt-inside-inner-col{column-gap:var(--global-kb-gap-sm, 1rem);}.kadence-column4407_ba589c-16 > .kt-inside-inner-col{flex-direction:column;}.kadence-column4407_ba589c-16 > .kt-inside-inner-col > .aligncenter{width:100%;}.kadence-column4407_ba589c-16 > .kt-inside-inner-col:before{opacity:0.3;}.kadence-column4407_ba589c-16{position:relative;}@media all and (max-width: 1024px){.kadence-column4407_ba589c-16 > .kt-inside-inner-col{border-top:2px solid var(--global-palette2, #2B6CB0);border-right:2px solid var(--global-palette2, #2B6CB0);border-bottom:2px solid var(--global-palette2, #2B6CB0);border-left:2px solid var(--global-palette2, #2B6CB0);flex-direction:column;justify-content:center;}}@media all and (max-width: 767px){.kadence-column4407_ba589c-16 > .kt-inside-inner-col{border-top:2px solid var(--global-palette2, #2B6CB0);border-right:2px solid var(--global-palette2, #2B6CB0);border-bottom:2px solid var(--global-palette2, #2B6CB0);border-left:2px solid var(--global-palette2, #2B6CB0);flex-direction:column;justify-content:center;}}.kadence-column4407_734f32-bc > .kt-inside-inner-col{padding-bottom:var(--global-kb-spacing-xxs, 0.5rem);}.kadence-column4407_734f32-bc > .kt-inside-inner-col{border-top:2px solid var(--global-palette2, #2B6CB0);border-right:2px solid var(--global-palette2, #2B6CB0);border-bottom:2px solid var(--global-palette2, #2B6CB0);border-left:2px solid var(--global-palette2, #2B6CB0);}.kadence-column4407_734f32-bc > .kt-inside-inner-col,.kadence-column4407_734f32-bc > .kt-inside-inner-col:before{border-top-left-radius:8px;border-top-right-radius:8px;border-bottom-right-radius:8px;border-bottom-left-radius:8px;}.kadence-column4407_734f32-bc > .kt-inside-inner-col{column-gap:var(--global-kb-gap-sm, 1rem);}.kadence-column4407_734f32-bc > .kt-inside-inner-col{flex-direction:column;}.kadence-column4407_734f32-bc > .kt-inside-inner-col > .aligncenter{width:100%;}.kadence-column4407_734f32-bc > .kt-inside-inner-col:before{opacity:0.3;}.kadence-column4407_734f32-bc{position:relative;}@media all and (max-width: 1024px){.kadence-column4407_734f32-bc > .kt-inside-inner-col{border-top:2px solid var(--global-palette2, #2B6CB0);border-right:2px solid var(--global-palette2, #2B6CB0);border-bottom:2px solid var(--global-palette2, #2B6CB0);border-left:2px solid var(--global-palette2, #2B6CB0);flex-direction:column;justify-content:center;}}@media all and (max-width: 767px){.kadence-column4407_734f32-bc > .kt-inside-inner-col{border-top:2px solid var(--global-palette2, #2B6CB0);border-right:2px solid var(--global-palette2, #2B6CB0);border-bottom:2px solid var(--global-palette2, #2B6CB0);border-left:2px solid var(--global-palette2, #2B6CB0);flex-direction:column;justify-content:center;}}.kb-row-layout-id4407_a20ff4-d7 > .kt-row-column-wrap{align-content:start;}:where(.kb-row-layout-id4407_a20ff4-d7 > .kt-row-column-wrap) > .wp-block-kadence-column{justify-content:start;}.kb-row-layout-id4407_a20ff4-d7 > .kt-row-column-wrap{column-gap:var(--global-kb-gap-md, 2rem);row-gap:var(--global-kb-gap-md, 2rem);padding-top:var(--global-kb-spacing-sm, 1.5rem);padding-bottom:var(--global-kb-spacing-sm, 1.5rem);grid-template-columns:minmax(0, calc(55% - ((var(--global-kb-gap-md, 2rem) * 2 )\/3)))minmax(0, calc(15% - ((var(--global-kb-gap-md, 2rem) * 2 )\/3)))minmax(0, calc(30% - ((var(--global-kb-gap-md, 2rem) * 2 )\/3)));}.kb-row-layout-id4407_a20ff4-d7 > .kt-row-layout-overlay{opacity:0.30;}@media all and (max-width: 1024px){.kb-row-layout-id4407_a20ff4-d7 > .kt-row-column-wrap > div:not(.added-for-specificity){grid-column:initial;}}@media all and (max-width: 1024px){.kb-row-layout-id4407_a20ff4-d7 > .kt-row-column-wrap{grid-template-columns:repeat(3, minmax(0, 1fr));}}@media all and (max-width: 767px){.kb-row-layout-id4407_a20ff4-d7 > .kt-row-column-wrap > div:not(.added-for-specificity){grid-column:initial;}.kb-row-layout-id4407_a20ff4-d7 > .kt-row-column-wrap{grid-template-columns:minmax(0, 1fr);}}.kadence-column4407_e8575f-41 > .kt-inside-inner-col,.kadence-column4407_e8575f-41 > .kt-inside-inner-col:before{border-top-left-radius:0px;border-top-right-radius:0px;border-bottom-right-radius:0px;border-bottom-left-radius:0px;}.kadence-column4407_e8575f-41 > .kt-inside-inner-col{column-gap:var(--global-kb-gap-sm, 1rem);}.kadence-column4407_e8575f-41 > .kt-inside-inner-col{flex-direction:column;}.kadence-column4407_e8575f-41 > .kt-inside-inner-col > .aligncenter{width:100%;}.kadence-column4407_e8575f-41 > .kt-inside-inner-col:before{opacity:0.3;}.kadence-column4407_e8575f-41{position:relative;}@media all and (max-width: 1024px){.kadence-column4407_e8575f-41 > .kt-inside-inner-col{flex-direction:column;justify-content:center;}}@media all and (max-width: 767px){.kadence-column4407_e8575f-41 > .kt-inside-inner-col{flex-direction:column;justify-content:center;}}.wp-block-kadence-advancedheading.kt-adv-heading4407_7820cd-fe, .wp-block-kadence-advancedheading.kt-adv-heading4407_7820cd-fe[data-kb-block=\"kb-adv-heading4407_7820cd-fe\"]{text-align:center;font-style:normal;}.wp-block-kadence-advancedheading.kt-adv-heading4407_7820cd-fe mark.kt-highlight, .wp-block-kadence-advancedheading.kt-adv-heading4407_7820cd-fe[data-kb-block=\"kb-adv-heading4407_7820cd-fe\"] mark.kt-highlight{font-style:normal;color:#f76a0c;-webkit-box-decoration-break:clone;box-decoration-break:clone;padding-top:0px;padding-right:0px;padding-bottom:0px;padding-left:0px;}.wp-block-kadence-advancedheading.kt-adv-heading4407_7820cd-fe img.kb-inline-image, .wp-block-kadence-advancedheading.kt-adv-heading4407_7820cd-fe[data-kb-block=\"kb-adv-heading4407_7820cd-fe\"] img.kb-inline-image{width:150px;vertical-align:baseline;}.kadence-column4407_4d4b0b-d5 > .kt-inside-inner-col,.kadence-column4407_4d4b0b-d5 > .kt-inside-inner-col:before{border-top-left-radius:0px;border-top-right-radius:0px;border-bottom-right-radius:0px;border-bottom-left-radius:0px;}.kadence-column4407_4d4b0b-d5 > .kt-inside-inner-col{column-gap:var(--global-kb-gap-sm, 1rem);}.kadence-column4407_4d4b0b-d5 > .kt-inside-inner-col{flex-direction:column;}.kadence-column4407_4d4b0b-d5 > .kt-inside-inner-col > .aligncenter{width:100%;}.kadence-column4407_4d4b0b-d5 > .kt-inside-inner-col:before{opacity:0.3;}.kadence-column4407_4d4b0b-d5{position:relative;}@media all and (max-width: 1024px){.kadence-column4407_4d4b0b-d5 > .kt-inside-inner-col{flex-direction:column;justify-content:center;}}@media all and (max-width: 767px){.kadence-column4407_4d4b0b-d5 > .kt-inside-inner-col{flex-direction:column;justify-content:center;}}.kadence-column4407_243c92-00 > .kt-inside-inner-col,.kadence-column4407_243c92-00 > .kt-inside-inner-col:before{border-top-left-radius:0px;border-top-right-radius:0px;border-bottom-right-radius:0px;border-bottom-left-radius:0px;}.kadence-column4407_243c92-00 > .kt-inside-inner-col{column-gap:var(--global-kb-gap-sm, 1rem);}.kadence-column4407_243c92-00 > .kt-inside-inner-col{flex-direction:column;}.kadence-column4407_243c92-00 > .kt-inside-inner-col > .aligncenter{width:100%;}.kadence-column4407_243c92-00 > .kt-inside-inner-col:before{opacity:0.3;}.kadence-column4407_243c92-00{position:relative;}@media all and (max-width: 1024px){.kadence-column4407_243c92-00 > .kt-inside-inner-col{flex-direction:column;justify-content:center;}}@media all and (max-width: 767px){.kadence-column4407_243c92-00 > .kt-inside-inner-col{flex-direction:column;justify-content:center;}}<\/style>","protected":false},"excerpt":{"rendered":"<p>Bes\u00e4ttningssidor &#8211; v\u00e4lj vidare . . . Bohusl\u00e4n F\u00e4rjan 4 S\u00e4llskapet &#8211; eller<\/p>\n","protected":false},"author":1,"featured_media":0,"parent":0,"menu_order":0,"comment_status":"closed","ping_status":"closed","template":"","meta":{"advgb_blocks_editor_width":"","advgb_blocks_columns_visual_guide":"","_kadence_starter_templates_imported_post":false,"_kad_post_transparent":"","_kad_post_title":"hide","_kad_post_layout":"","_kad_post_sidebar_id":"","_kad_post_content_style":"","_kad_post_vertical_padding":"","_kad_post_feature":"","_kad_post_feature_position":"","_kad_post_header":false,"_kad_post_footer":false,"_kad_post_classname":"","footnotes":""},"categories":[17],"tags":[],"class_list":["post-4407","page","type-page","status-publish","hentry","category-besattningssida"],"coauthors":[],"author_meta":{"author_link":"https:\/\/steamboat.se\/sv_se\/author\/stb2023-sp\/","display_name":"Ad"},"relative_dates":{"created":"Publicerad 2 \u00e5r sedan","modified":"Uppdaterad 11 m\u00e5nader sedan"},"absolute_dates":{"created":"Publicerat den 14 april 2024","modified":"Uppdaterad den 21 juni 2025"},"absolute_dates_time":{"created":"Publicerat den 14 april 2024 10:33","modified":"Uppdaterad den 21 juni 2025 16:59"},"featured_img_caption":"","featured_img":false,"series_order":"","_links":{"self":[{"href":"https:\/\/steamboat.se\/sv_se\/wp-json\/wp\/v2\/pages\/4407","targetHints":{"allow":["GET"]}}],"collection":[{"href":"https:\/\/steamboat.se\/sv_se\/wp-json\/wp\/v2\/pages"}],"about":[{"href":"https:\/\/steamboat.se\/sv_se\/wp-json\/wp\/v2\/types\/page"}],"author":[{"embeddable":true,"href":"https:\/\/steamboat.se\/sv_se\/wp-json\/wp\/v2\/users\/1"}],"replies":[{"embeddable":true,"href":"https:\/\/steamboat.se\/sv_se\/wp-json\/wp\/v2\/comments?post=4407"}],"version-history":[{"count":0,"href":"https:\/\/steamboat.se\/sv_se\/wp-json\/wp\/v2\/pages\/4407\/revisions"}],"wp:attachment":[{"href":"https:\/\/steamboat.se\/sv_se\/wp-json\/wp\/v2\/media?parent=4407"}],"wp:term":[{"taxonomy":"category","embeddable":true,"href":"https:\/\/steamboat.se\/sv_se\/wp-json\/wp\/v2\/categories?post=4407"},{"taxonomy":"post_tag","embeddable":true,"href":"https:\/\/steamboat.se\/sv_se\/wp-json\/wp\/v2\/tags?post=4407"}],"curies":[{"name":"wp","href":"https:\/\/api.w.org\/{rel}","templated":true}]}}