{"id":74,"date":"2022-06-28T10:12:49","date_gmt":"2022-06-28T10:12:49","guid":{"rendered":"https:\/\/2023.steamboat.se\/?page_id=74"},"modified":"2026-03-24T15:43:32","modified_gmt":"2026-03-24T14:43:32","slug":"kontakt","status":"publish","type":"page","link":"https:\/\/steamboat.se\/sv_se\/kontakt\/","title":{"rendered":"Kontakt"},"content":{"rendered":"\n<h2 class=\"kt-adv-heading74_a15d26-2f wp-block-kadence-advancedheading\" data-kb-block=\"kb-adv-heading74_a15d26-2f\">Information \u00f6nskas!<\/h2>\n\n\n\n<h3 class=\"wp-block-heading has-text-align-center has-theme-palette-2-color has-theme-palette-7-background-color has-text-color has-background\"><a href=\"https:\/\/steamboat.se\/bohuslan\/chartra-bohuslan\/\">G\u00e4ller det charter &#8211; anv\u00e4nd v\u00e5rt charterformul\u00e4r<\/a>!<\/h3>\n\n\n<div class=\"kb-row-layout-wrap kb-row-layout-id74_b2eb13-36 alignnone wp-block-kadence-rowlayout\"><div class=\"kt-row-column-wrap kt-has-2-columns kt-row-layout-equal kt-tab-layout-inherit kt-mobile-layout-row kt-row-valign-top\">\n\n<div class=\"wp-block-kadence-column kadence-column74_8a9bf9-34 inner-column-1\"><div class=\"kt-inside-inner-col\">\n<h2 class=\"wp-block-heading has-text-align-center\">Kontakt<\/h2>\n\n\n\n<ul class=\"wp-block-list\">\n<li>N\u00e4r det g\u00e4ller annat \u00e4n charter . . <\/li>\n<\/ul>\n\n\n\n<div class=\"wp-block-kadence-spacer aligncenter kt-block-spacer-74_5d68a4-ca is-style-wide\"><div class=\"kt-block-spacer kt-block-spacer-halign-center\"><hr class=\"kt-divider\"\/><\/div><\/div>\n\n\n\n<p class=\"has-theme-palette-3-color has-text-color has-small-font-size\">( <strong>*<\/strong> ) betyder obligatorisk uppgift.<\/p>\n\n\n\n<div class=\"wpcf7 no-js\" id=\"wpcf7-f1748-o1\" lang=\"sv-SE\" dir=\"ltr\" data-wpcf7-id=\"1748\">\n<div class=\"screen-reader-response\"><p role=\"status\" aria-live=\"polite\" aria-atomic=\"true\"><\/p> <ul><\/ul><\/div>\n<form action=\"\/sv_se\/wp-json\/wp\/v2\/pages\/74#wpcf7-f1748-o1\" method=\"post\" class=\"wpcf7-form init\" aria-label=\"Kontaktformul\u00e4r\" novalidate=\"novalidate\" data-status=\"init\">\n<fieldset class=\"hidden-fields-container\"><input type=\"hidden\" name=\"_wpcf7\" value=\"1748\" \/><input type=\"hidden\" name=\"_wpcf7_version\" value=\"6.1.5\" \/><input type=\"hidden\" name=\"_wpcf7_locale\" value=\"sv_SE\" \/><input type=\"hidden\" name=\"_wpcf7_unit_tag\" value=\"wpcf7-f1748-o1\" \/><input type=\"hidden\" name=\"_wpcf7_container_post\" value=\"0\" \/><input type=\"hidden\" name=\"_wpcf7_posted_data_hash\" value=\"\" \/>\n<\/fieldset>\n<p><label> Ditt namn<br \/>\n<span class=\"wpcf7-form-control-wrap\" data-name=\"your-name\"><input size=\"40\" maxlength=\"400\" class=\"wpcf7-form-control wpcf7-text wpcf7-validates-as-required\" aria-required=\"true\" aria-invalid=\"false\" value=\"\" type=\"text\" name=\"your-name\" \/><\/span> <\/label>\n<\/p>\n<p><label> Din e-post (*)<br \/>\n<span class=\"wpcf7-form-control-wrap\" data-name=\"your-email\"><input size=\"40\" maxlength=\"400\" class=\"wpcf7-form-control wpcf7-email wpcf7-validates-as-required wpcf7-text wpcf7-validates-as-email\" aria-required=\"true\" aria-invalid=\"false\" value=\"\" type=\"email\" name=\"your-email\" \/><\/span> <\/label>\n<\/p>\n<p><label> \u00c4mne (*)<br \/>\n<span class=\"wpcf7-form-control-wrap\" data-name=\"your-subject\"><input size=\"40\" maxlength=\"400\" class=\"wpcf7-form-control wpcf7-text wpcf7-validates-as-required\" aria-required=\"true\" aria-invalid=\"false\" value=\"\" type=\"text\" name=\"your-subject\" \/><\/span> <\/label>\n<\/p>\n<p><label> Ditt meddelande (valfritt)<br \/>\n<span class=\"wpcf7-form-control-wrap\" data-name=\"your-message\"><textarea cols=\"40\" rows=\"10\" maxlength=\"2000\" class=\"wpcf7-form-control wpcf7-textarea\" aria-invalid=\"false\" name=\"your-message\"><\/textarea><\/span> <\/label>\n<\/p>\n<p><p><span class=\"wpcf7-form-control-wrap\"><div class=\"f12t\"><input type=\"hidden\" class=\"f12_timer\" name=\"f12_multiple_submission_protection\" value=\"$2y$10$iYMG9BO14X\/iAH3GPcW3OuBNmguaJjxRWOpwiJQIlAlm7cEK1BPEq\"\/><\/div><div class=\"f12t\"><input type=\"hidden\" class=\"f12_timer\" name=\"f12_timer\" value=\"$2y$10$.ou7C8VbCknlg.MLTNMvles87nrkjI4XqezguzORmlDObTdJYxSHq\"\/><\/div><div class=\"f12-captcha template-1\">\r\n\t        <!-- Label correctly linked with `for` -->\r\n        <label for=\"c_bce286692a1efdcc9525\" class=\"c-label\">\r\n\t\t\tBer\u00e4kna och skriv in svaret. Tryck sedan p\u00e5 Skicka!        <\/label>\r\n\t\r\n    <div class=\"c-header\">\r\n        <div class=\"c-input\">\r\n            <!-- Dynamische CAPTCHA-Daten mit Aria LIVE aktualisieren -->\r\n            <div class=\"c-data\" aria-live=\"polite\" aria-atomic=\"true\" aria-describedby=\"captcha-instructions\">\r\n\t\t\t\t<span class=\"captcha-calculation\">8 + 1 = ?<\/span>            <\/div>\r\n\r\n            <div class=\"\" >\r\n\t\t\t\t\r\n                <!-- Text field for user input -->\r\n                <input class=\"f12c \"\r\n                       data-method=\"math\"                        type=\"text\" id=\"c_bce286692a1efdcc9525\"\r\n                       name=\"f12_captcha\"\r\n                       placeholder=\"Captcha\"\r\n                       value=\"\" aria-required=\"true\"\r\n                       aria-labelledby=\"\"\r\n                       aria-describedby=\"captcha-instructions\"\/>\r\n            <\/div>\r\n        <\/div>\r\n\r\n        <!-- Button for CAPTCHA reload -->\r\n        <div class=\"c-reload\" role=\"button\" tabindex=\"0\" aria-label=\"Ladda om CAPTCHA\">\r\n\t\t\t<a href=\"#\" class=\"cf7 captcha-reload\" style=\"display:inline-flex !important; align-items:center !important; justify-content:center !important; background-color:#2196f3 !important; padding:3px !important; border-radius:3px !important; line-height:0 !important; box-sizing:content-box !important; text-decoration:none !important;\" title=\"Ladda om CAPTCHA\"><img decoding=\"async\" style=\"display:block !important; width:16px !important; height:16px !important; max-width:none !important; margin:0 !important; padding:0 !important;\" src=\"https:\/\/steamboat.se\/wp-content\/plugins\/captcha-for-contact-form-7\/core\/assets\/reload-icon.png\" alt=\"Ladda om\"\/><\/a>        <\/div>\r\n\t\t    <\/div>\r\n\r\n    <!-- Hidden input field for HASH values -->\r\n    <input type=\"hidden\" id=\"hash_c_bce286692a1efdcc9525\"\r\n           name=\"f12_captcha_hash\"\r\n           value=\"$2y$10$Wp\/l79cdlaTSrqxjcyBkSe1RDS.wW4gSnZqXob86wAn7x0YiOoL\/C\"\/>\r\n\r\n    <!-- Screenreader-Beschreibung -->\r\n    <p id=\"captcha-instructions\" class=\"screen-reader-text\">\r\n\t\tDenna CAPTCHA hj\u00e4lper till att s\u00e4kerst\u00e4lla att du \u00e4r m\u00e4nniska. Ange de beg\u00e4rda tecknen.    <\/p>\r\n<\/div><input type=\"hidden\" name=\"behavior_nonce\" value=\"\" \/><script>\r\n(function(){\r\n\tvar el = document.currentScript;\r\n\tif (!el) return;\r\n\tvar form = el.closest(\"form\");\r\n\tif (!form || form.dataset.ssInit === \"1\") return;\r\n\tform.dataset.ssInit = \"1\";\r\n\tform.dataset.ssMode = \"protect\";\r\n\tform.dataset.ssSource = \"rule\";\r\n})();\r\n<\/script><\/span><\/p><input class=\"wpcf7-form-control wpcf7-submit has-spinner\" type=\"submit\" value=\"Skicka\" \/>\n<\/p><p style=\"display: none !important;\" class=\"akismet-fields-container\" data-prefix=\"_wpcf7_ak_\"><label>&#916;<textarea name=\"_wpcf7_ak_hp_textarea\" cols=\"45\" rows=\"8\" maxlength=\"100\"><\/textarea><\/label><input type=\"hidden\" id=\"ak_js_1\" name=\"_wpcf7_ak_js\" value=\"176\"\/><script>document.getElementById( \"ak_js_1\" ).setAttribute( \"value\", ( new Date() ).getTime() );<\/script><\/p><div class=\"wpcf7-response-output\" aria-hidden=\"true\"><\/div>\n<\/form>\n<\/div>\n\n<\/div><\/div>\n\n\n\n<div class=\"wp-block-kadence-column kadence-column74_74a931-47 kb-section-has-overlay inner-column-2\"><div class=\"kt-inside-inner-col\">\n<h2 class=\"kt-adv-heading74_0a1749-15 wp-block-kadence-advancedheading\" data-kb-block=\"kb-adv-heading74_0a1749-15\">Vad kan vi hj\u00e4lpa till med?<\/h2>\n\n\n\n<p class=\"has-text-align-center\">Skriv in din fr\u00e5ga\/undran i rutan Ditt meddelande.<\/p>\n\n\n\n<div class=\"wp-block-kadence-spacer aligncenter kt-block-spacer-74_cf9000-58\"><div class=\"kt-block-spacer kt-block-spacer-halign-center\"><hr class=\"kt-divider\"\/><\/div><\/div>\n\n\n\n<h3 class=\"kt-adv-heading74_6f4e0e-1d wp-block-kadence-advancedheading\" data-kb-block=\"kb-adv-heading74_6f4e0e-1d\">Kan du hj\u00e4lpa till med n\u00e5got i v\u00e5r verksamhet?<\/h3>\n\n\n\n<ul class=\"wp-block-list\">\n<li>Praktiskt arbete ombord?<\/li>\n\n\n\n<li>Bli medlem (och f\u00e5 v\u00e5r tidning \u00c5ngb\u00e5ten)?<\/li>\n\n\n\n<li>K\u00f6pa andel  i v\u00e5rt rederi?<\/li>\n\n\n\n<li>Swisha ett bidrag till 123 335 2945?<\/li>\n<\/ul>\n\n\n\n<div class=\"wp-block-kadence-spacer aligncenter kt-block-spacer-74_b311b1-0d\"><div class=\"kt-block-spacer kt-block-spacer-halign-center\"><hr class=\"kt-divider\"\/><\/div><\/div>\n\n\n<div class=\"wp-block-image\">\n<figure class=\"aligncenter size-full is-resized\"><img loading=\"lazy\" decoding=\"async\" width=\"545\" height=\"821\" src=\"https:\/\/steamboat.se\/wp-content\/uploads\/2023\/04\/QR-Swish-angbatsbidrag.png\" alt=\"\" class=\"wp-image-1736\" style=\"width:273px;height:411px\" srcset=\"https:\/\/steamboat.se\/wp-content\/uploads\/2023\/04\/QR-Swish-angbatsbidrag.png 545w, https:\/\/steamboat.se\/wp-content\/uploads\/2023\/04\/QR-Swish-angbatsbidrag-199x300.png 199w\" sizes=\"auto, (max-width: 545px) 100vw, 545px\" \/><\/figure>\n<\/div>\n\n\n<h3 class=\"kt-adv-heading74_2fc6a5-51 wp-block-kadence-advancedheading\" data-kb-block=\"kb-adv-heading74_2fc6a5-51\">Kontaktinformation<\/h3>\n\n\n\n<p class=\"has-background\" style=\"background-color:#f8f25b\">Postadress:<br>S\u00e4llskapet \u00c5ngb\u00e5ten<br>Stenkolsgatan 1c<br>417 07 G\u00f6teborg<\/p>\n\n\n\n<p style=\"padding-top:var(--wp--preset--spacing--30);padding-right:var(--wp--preset--spacing--30);padding-bottom:var(--wp--preset--spacing--30);padding-left:var(--wp--preset--spacing--30)\">Telefon:\u00a0<br>031-701 77 54 (Information)<br>031-13 14 50 (\u00c5ngaren BOHUSL\u00c4N, ombordtelefon)<br>Charter \u00c5ngaren BOHUSL\u00c4N<br>&#8211; Maila till <a href=\"mailto:charter@steamboat.se\">charter@steamboat.se<\/a>\u00a0(charter BOHUSL\u00c4N)<br>Charter F\u00e4rjan 4<br>&#8211; Ring 0730-68 47 08 (Claes, Charter F\u00e4rjan 4)<\/p>\n\n\n\n<p style=\"padding-top:var(--wp--preset--spacing--30);padding-right:var(--wp--preset--spacing--30);padding-bottom:var(--wp--preset--spacing--30);padding-left:var(--wp--preset--spacing--30)\">e-mail:<br><a href=\"mailto:info@steamboat.se\">info@steamboat.se<\/a> (Information)<br><a href=\"mailto:charter@steamboat.se\">charter@steamboat.se<\/a>&nbsp;(charter BOHUSL\u00c4N)<br><a href=\"mailto:charter_f4@steamboat.se\">charter_f4@steamboat.se<\/a>&nbsp;(charter F\u00e4rjan 4)<br><a href=\"mailto:kassor@steamboat.se\">kassor@steamboat.se<\/a>&nbsp;(S\u00e4llskapets kass\u00f6r)<br><a href=\"mailto:medlemsregister@steamboat.se\">medlemsregister@steamboat.se<\/a>&nbsp;(allt som r\u00f6r medlemsregistret)<\/p>\n\n\n\n<p style=\"padding-top:var(--wp--preset--spacing--30);padding-right:var(--wp--preset--spacing--30);padding-bottom:var(--wp--preset--spacing--30);padding-left:var(--wp--preset--spacing--30)\">Bankgiro: 673-6862<br>Plusgiro: 62 16 06-3&nbsp;<br>Swish 123&nbsp;335 2945<\/p>\n<\/div><\/div>\n\n<\/div><\/div><style class=\"advgb-styles-renderer\">.wp-block-kadence-advancedheading.kt-adv-heading74_a15d26-2f, .wp-block-kadence-advancedheading.kt-adv-heading74_a15d26-2f[data-kb-block=\"kb-adv-heading74_a15d26-2f\"]{text-align:center;font-style:normal;}.wp-block-kadence-advancedheading.kt-adv-heading74_a15d26-2f mark.kt-highlight, .wp-block-kadence-advancedheading.kt-adv-heading74_a15d26-2f[data-kb-block=\"kb-adv-heading74_a15d26-2f\"] mark.kt-highlight{font-style:normal;color:#f76a0c;-webkit-box-decoration-break:clone;box-decoration-break:clone;padding-top:0px;padding-right:0px;padding-bottom:0px;padding-left:0px;}.wp-block-kadence-advancedheading.kt-adv-heading74_a15d26-2f img.kb-inline-image, .wp-block-kadence-advancedheading.kt-adv-heading74_a15d26-2f[data-kb-block=\"kb-adv-heading74_a15d26-2f\"] img.kb-inline-image{width:150px;vertical-align:baseline;}.kb-row-layout-id74_b2eb13-36 > .kt-row-column-wrap{align-content:start;}:where(.kb-row-layout-id74_b2eb13-36 > .kt-row-column-wrap) > .wp-block-kadence-column{justify-content:start;}.kb-row-layout-id74_b2eb13-36 > .kt-row-column-wrap{column-gap:var(--global-kb-gap-md, 2rem);row-gap:var(--global-kb-gap-md, 2rem);padding-top:25px;padding-right:10px;padding-bottom:25px;padding-left:10px;grid-template-columns:repeat(2, minmax(0, 1fr));}.kb-row-layout-id74_b2eb13-36{border-top-left-radius:8px;border-top-right-radius:8px;border-bottom-right-radius:8px;border-bottom-left-radius:8px;overflow:clip;isolation:isolate;}.kb-row-layout-id74_b2eb13-36 > .kt-row-layout-overlay{border-top-left-radius:8px;border-top-right-radius:8px;border-bottom-right-radius:8px;border-bottom-left-radius:8px;}.kb-row-layout-id74_b2eb13-36{border-top:2px solid var(--global-palette1, #3182CE);border-right:2px solid var(--global-palette1, #3182CE);border-bottom:2px solid var(--global-palette1, #3182CE);border-left:2px solid var(--global-palette1, #3182CE);}.kb-row-layout-id74_b2eb13-36 > .kt-row-layout-overlay{opacity:0.30;}@media all and (max-width: 1024px){.kb-row-layout-id74_b2eb13-36 > .kt-row-column-wrap{grid-template-columns:repeat(2, minmax(0, 1fr));}}@media all and (max-width: 1024px){.kb-row-layout-id74_b2eb13-36{border-top:2px solid var(--global-palette1, #3182CE);border-right:2px solid var(--global-palette1, #3182CE);border-bottom:2px solid var(--global-palette1, #3182CE);border-left:2px solid var(--global-palette1, #3182CE);}}@media all and (max-width: 767px){.kb-row-layout-id74_b2eb13-36 > .kt-row-column-wrap{grid-template-columns:minmax(0, 1fr);}.kb-row-layout-id74_b2eb13-36{border-top:2px solid var(--global-palette1, #3182CE);border-right:2px solid var(--global-palette1, #3182CE);border-bottom:2px solid var(--global-palette1, #3182CE);border-left:2px solid var(--global-palette1, #3182CE);}}.kadence-column74_8a9bf9-34 > .kt-inside-inner-col{border-top:2px solid var(--global-palette1, #3182CE);border-right:2px solid var(--global-palette1, #3182CE);border-bottom:2px solid var(--global-palette1, #3182CE);border-left:2px solid var(--global-palette1, #3182CE);}.kadence-column74_8a9bf9-34 > .kt-inside-inner-col,.kadence-column74_8a9bf9-34 > .kt-inside-inner-col:before{border-top-left-radius:8px;border-top-right-radius:8px;border-bottom-right-radius:8px;border-bottom-left-radius:8px;}.kadence-column74_8a9bf9-34 > .kt-inside-inner-col{column-gap:var(--global-kb-gap-sm, 1rem);}.kadence-column74_8a9bf9-34 > .kt-inside-inner-col{flex-direction:column;}.kadence-column74_8a9bf9-34 > .kt-inside-inner-col > .aligncenter{width:100%;}.kadence-column74_8a9bf9-34 > .kt-inside-inner-col:before{opacity:0.3;}.kadence-column74_8a9bf9-34{position:relative;}@media all and (max-width: 1024px){.kadence-column74_8a9bf9-34 > .kt-inside-inner-col{border-top:2px solid var(--global-palette1, #3182CE);border-right:2px solid var(--global-palette1, #3182CE);border-bottom:2px solid var(--global-palette1, #3182CE);border-left:2px solid var(--global-palette1, #3182CE);flex-direction:column;justify-content:center;}}@media all and (max-width: 767px){.kadence-column74_8a9bf9-34 > .kt-inside-inner-col{border-top:2px solid var(--global-palette1, #3182CE);border-right:2px solid var(--global-palette1, #3182CE);border-bottom:2px solid var(--global-palette1, #3182CE);border-left:2px solid var(--global-palette1, #3182CE);flex-direction:column;justify-content:center;}}.wp-block-kadence-spacer.kt-block-spacer-74_5d68a4-ca .kt-block-spacer{height:20px;}.wp-block-kadence-spacer.kt-block-spacer-74_5d68a4-ca .kt-divider{border-top-width:4px;border-top-color:var(--global-palette1, #3182CE);width:100%;border-top-style:solid;}.kadence-column74_74a931-47 > .kt-inside-inner-col{column-gap:var(--global-kb-gap-sm, 1rem);}.kadence-column74_74a931-47 > .kt-inside-inner-col{flex-direction:column;}.kadence-column74_74a931-47 > .kt-inside-inner-col > .aligncenter{width:100%;}.kadence-column74_74a931-47 > .kt-inside-inner-col{background-color:var(--global-palette9, #ffffff);}.kadence-column74_74a931-47 > .kt-inside-inner-col:before{opacity:0.3;background-color:#a5e3f1;}.kadence-column74_74a931-47{position:relative;}@media all and (max-width: 1024px){.kadence-column74_74a931-47 > .kt-inside-inner-col{flex-direction:column;justify-content:center;}}@media all and (max-width: 767px){.kadence-column74_74a931-47 > .kt-inside-inner-col{flex-direction:column;justify-content:center;}}.wp-block-kadence-advancedheading.kt-adv-heading74_0a1749-15, .wp-block-kadence-advancedheading.kt-adv-heading74_0a1749-15[data-kb-block=\"kb-adv-heading74_0a1749-15\"]{text-align:center;font-style:normal;}.wp-block-kadence-advancedheading.kt-adv-heading74_0a1749-15 mark.kt-highlight, .wp-block-kadence-advancedheading.kt-adv-heading74_0a1749-15[data-kb-block=\"kb-adv-heading74_0a1749-15\"] mark.kt-highlight{font-style:normal;color:#f76a0c;-webkit-box-decoration-break:clone;box-decoration-break:clone;padding-top:0px;padding-right:0px;padding-bottom:0px;padding-left:0px;}.wp-block-kadence-advancedheading.kt-adv-heading74_0a1749-15 img.kb-inline-image, .wp-block-kadence-advancedheading.kt-adv-heading74_0a1749-15[data-kb-block=\"kb-adv-heading74_0a1749-15\"] img.kb-inline-image{width:150px;vertical-align:baseline;}.wp-block-kadence-spacer.kt-block-spacer-74_cf9000-58 .kt-block-spacer{height:20px;}.wp-block-kadence-spacer.kt-block-spacer-74_cf9000-58 .kt-divider{border-top-width:4px;border-top-color:var(--global-palette1, #3182CE);width:100%;border-top-style:solid;}.wp-block-kadence-advancedheading.kt-adv-heading74_6f4e0e-1d, .wp-block-kadence-advancedheading.kt-adv-heading74_6f4e0e-1d[data-kb-block=\"kb-adv-heading74_6f4e0e-1d\"]{text-align:center;font-style:normal;}.wp-block-kadence-advancedheading.kt-adv-heading74_6f4e0e-1d mark.kt-highlight, .wp-block-kadence-advancedheading.kt-adv-heading74_6f4e0e-1d[data-kb-block=\"kb-adv-heading74_6f4e0e-1d\"] mark.kt-highlight{font-style:normal;color:#f76a0c;-webkit-box-decoration-break:clone;box-decoration-break:clone;padding-top:0px;padding-right:0px;padding-bottom:0px;padding-left:0px;}.wp-block-kadence-advancedheading.kt-adv-heading74_6f4e0e-1d img.kb-inline-image, .wp-block-kadence-advancedheading.kt-adv-heading74_6f4e0e-1d[data-kb-block=\"kb-adv-heading74_6f4e0e-1d\"] img.kb-inline-image{width:150px;vertical-align:baseline;}.wp-block-kadence-spacer.kt-block-spacer-74_b311b1-0d .kt-block-spacer{height:20px;}.wp-block-kadence-spacer.kt-block-spacer-74_b311b1-0d .kt-divider{border-top-width:1px;height:1px;border-top-color:#eee;width:80%;border-top-style:solid;}.wp-block-kadence-advancedheading.kt-adv-heading74_2fc6a5-51, .wp-block-kadence-advancedheading.kt-adv-heading74_2fc6a5-51[data-kb-block=\"kb-adv-heading74_2fc6a5-51\"]{text-align:center;font-style:normal;}.wp-block-kadence-advancedheading.kt-adv-heading74_2fc6a5-51 mark.kt-highlight, .wp-block-kadence-advancedheading.kt-adv-heading74_2fc6a5-51[data-kb-block=\"kb-adv-heading74_2fc6a5-51\"] mark.kt-highlight{font-style:normal;color:#f76a0c;-webkit-box-decoration-break:clone;box-decoration-break:clone;padding-top:0px;padding-right:0px;padding-bottom:0px;padding-left:0px;}.wp-block-kadence-advancedheading.kt-adv-heading74_2fc6a5-51 img.kb-inline-image, .wp-block-kadence-advancedheading.kt-adv-heading74_2fc6a5-51[data-kb-block=\"kb-adv-heading74_2fc6a5-51\"] img.kb-inline-image{width:150px;vertical-align:baseline;}<\/style>","protected":false},"excerpt":{"rendered":"<p>Information \u00f6nskas! G\u00e4ller det charter &#8211; anv\u00e4nd v\u00e5rt charterformul\u00e4r! Kontakt ( * ) betyder obligatorisk uppgift. Vad kan vi hj\u00e4lpa till med? Skriv in din fr\u00e5ga\/undran i rutan Ditt meddelande. Kan du hj\u00e4lpa till med n\u00e5got i v\u00e5r verksamhet? Kontaktinformation Postadress:S\u00e4llskapet \u00c5ngb\u00e5tenStenkolsgatan 1c417 07 G\u00f6teborg Telefon:\u00a0031-701 77 54 (Information)031-13 14 50 (\u00c5ngaren BOHUSL\u00c4N, ombordtelefon)Charter \u00c5ngaren&#8230;<\/p>\n","protected":false},"author":1,"featured_media":0,"parent":0,"menu_order":0,"comment_status":"closed","ping_status":"closed","template":"","meta":{"advgb_blocks_editor_width":"","advgb_blocks_columns_visual_guide":"","_kadence_starter_templates_imported_post":false,"_kad_post_transparent":"","_kad_post_title":"hide","_kad_post_layout":"","_kad_post_sidebar_id":"","_kad_post_content_style":"","_kad_post_vertical_padding":"","_kad_post_feature":"","_kad_post_feature_position":"","_kad_post_header":false,"_kad_post_footer":false,"_kad_post_classname":"","footnotes":""},"categories":[11],"tags":[],"class_list":["post-74","page","type-page","status-publish","hentry","category-kontaktsida"],"coauthors":[],"author_meta":{"author_link":"https:\/\/steamboat.se\/sv_se\/author\/stb2023-sp\/","display_name":"Ad"},"relative_dates":{"created":"Publicerad 4 \u00e5r sedan","modified":"Uppdaterad 4 veckor sedan"},"absolute_dates":{"created":"Publicerat den 28 juni 2022","modified":"Uppdaterad den 24 mars 2026"},"absolute_dates_time":{"created":"Publicerat den 28 juni 2022 10:12","modified":"Uppdaterad den 24 mars 2026 15:43"},"featured_img_caption":"","featured_img":false,"series_order":"","_links":{"self":[{"href":"https:\/\/steamboat.se\/sv_se\/wp-json\/wp\/v2\/pages\/74","targetHints":{"allow":["GET"]}}],"collection":[{"href":"https:\/\/steamboat.se\/sv_se\/wp-json\/wp\/v2\/pages"}],"about":[{"href":"https:\/\/steamboat.se\/sv_se\/wp-json\/wp\/v2\/types\/page"}],"author":[{"embeddable":true,"href":"https:\/\/steamboat.se\/sv_se\/wp-json\/wp\/v2\/users\/1"}],"replies":[{"embeddable":true,"href":"https:\/\/steamboat.se\/sv_se\/wp-json\/wp\/v2\/comments?post=74"}],"version-history":[{"count":2,"href":"https:\/\/steamboat.se\/sv_se\/wp-json\/wp\/v2\/pages\/74\/revisions"}],"predecessor-version":[{"id":12860,"href":"https:\/\/steamboat.se\/sv_se\/wp-json\/wp\/v2\/pages\/74\/revisions\/12860"}],"wp:attachment":[{"href":"https:\/\/steamboat.se\/sv_se\/wp-json\/wp\/v2\/media?parent=74"}],"wp:term":[{"taxonomy":"category","embeddable":true,"href":"https:\/\/steamboat.se\/sv_se\/wp-json\/wp\/v2\/categories?post=74"},{"taxonomy":"post_tag","embeddable":true,"href":"https:\/\/steamboat.se\/sv_se\/wp-json\/wp\/v2\/tags?post=74"}],"curies":[{"name":"wp","href":"https:\/\/api.w.org\/{rel}","templated":true}]}}