{"id":9274,"date":"2025-05-05T11:35:16","date_gmt":"2025-05-05T09:35:16","guid":{"rendered":"https:\/\/steamboat.se\/?page_id=9274"},"modified":"2025-05-05T11:44:13","modified_gmt":"2025-05-05T09:44:13","slug":"meta-slider-test","status":"publish","type":"page","link":"https:\/\/steamboat.se\/sv_se\/meta-slider-test\/","title":{"rendered":"Meta Slider test"},"content":{"rendered":"<div id=\"metaslider-id-28\" style=\"width: 100%;\" class=\"ml-slider-3-108-0 metaslider metaslider-flex metaslider-28 ml-slider ms-theme-default nav-hidden\" role=\"region\" aria-label=\"headslider\" data-height=\"200\" data-width=\"1200\">\n    <div id=\"metaslider_container_28\">\n        <div id=\"metaslider_28\">\n            <ul class='slides'>\n                <li style=\"display: block; width: 100%;\" class=\"slide-43 ms-image \" aria-roledescription=\"slide\" data-date=\"2022-06-25 21:22:14\" data-filename=\"bildspel4-1150x191.jpg\" data-slide-type=\"image\"><img loading=\"lazy\" decoding=\"async\" src=\"https:\/\/steamboat.se\/wp-content\/uploads\/2022\/06\/bildspel4-1150x191.jpg\" height=\"200\" width=\"1200\" alt=\"Bohusl\u00e4n vid kajplats 17\" class=\"slider-28 slide-43 msDefaultImage\" title=\"bildspel4\" \/><div class=\"caption-wrap\"><div class=\"caption\">Bohusl\u00e4n vid kajplats 17<\/div><\/div><\/li>\n                <li style=\"display: none; width: 100%;\" class=\"slide-44 ms-image \" aria-roledescription=\"slide\" data-date=\"2022-06-25 21:22:23\" data-filename=\"bildspel5-1149x191.jpg\" data-slide-type=\"image\"><img loading=\"lazy\" decoding=\"async\" src=\"https:\/\/steamboat.se\/wp-content\/uploads\/2022\/06\/bildspel5-1149x191.jpg\" height=\"200\" width=\"1200\" alt=\"\" class=\"slider-28 slide-44 msDefaultImage\" title=\"bildspel5\" \/><div class=\"caption-wrap\"><div class=\"caption\">Bohusl\u00e4n st\u00e4var v\u00e4ster ut<\/div><\/div><\/li>\n                <li style=\"display: none; width: 100%;\" class=\"slide-45 ms-image \" aria-roledescription=\"slide\" data-date=\"2022-06-25 21:22:35\" data-filename=\"bildspel3-1150x191.jpg\" data-slide-type=\"image\"><img loading=\"lazy\" decoding=\"async\" src=\"https:\/\/steamboat.se\/wp-content\/uploads\/2022\/06\/bildspel3-1150x191.jpg\" height=\"200\" width=\"1200\" alt=\"\" class=\"slider-28 slide-45 msDefaultImage\" title=\"bildspel3\" \/><div class=\"caption-wrap\"><div class=\"caption\">P\u00e5 v\u00e4g ut hamnen<\/div><\/div><\/li>\n                <li style=\"display: none; width: 100%;\" class=\"slide-46 ms-image \" aria-roledescription=\"slide\" data-date=\"2022-06-25 21:22:35\" data-filename=\"bildspel2-1150x191.jpg\" data-slide-type=\"image\"><img loading=\"lazy\" decoding=\"async\" src=\"https:\/\/steamboat.se\/wp-content\/uploads\/2022\/06\/bildspel2-1150x191.jpg\" height=\"200\" width=\"1200\" alt=\"\" class=\"slider-28 slide-46 msDefaultImage\" title=\"bildspel2\" \/><div class=\"caption-wrap\"><div class=\"caption\">Marstrand akterut<\/div><\/div><\/li>\n                <li style=\"display: none; width: 100%;\" class=\"slide-47 ms-image \" aria-roledescription=\"slide\" data-date=\"2022-06-25 21:22:35\" data-filename=\"bildspel1-1150x191.jpg\" data-slide-type=\"image\"><img loading=\"lazy\" decoding=\"async\" src=\"https:\/\/steamboat.se\/wp-content\/uploads\/2022\/06\/bildspel1-1150x191.jpg\" height=\"200\" width=\"1200\" alt=\"\" class=\"slider-28 slide-47 msDefaultImage\" title=\"bildspel1\" \/><div class=\"caption-wrap\"><div class=\"caption\">Mot Albrektsunds kanal<\/div><\/div><\/li>\n            <\/ul>\n        <\/div>\n        \n    <\/div>\n<\/div>\n","protected":false},"excerpt":{"rendered":"","protected":false},"author":1,"featured_media":0,"parent":0,"menu_order":0,"comment_status":"closed","ping_status":"closed","template":"","meta":{"advgb_blocks_editor_width":"","advgb_blocks_columns_visual_guide":"","_kadence_starter_templates_imported_post":false,"_kad_post_transparent":"","_kad_post_title":"","_kad_post_layout":"fullwidth","_kad_post_sidebar_id":"","_kad_post_content_style":"","_kad_post_vertical_padding":"","_kad_post_feature":"","_kad_post_feature_position":"","_kad_post_header":false,"_kad_post_footer":false,"_kad_post_classname":"","footnotes":""},"categories":[17],"tags":[],"class_list":["post-9274","page","type-page","status-publish","hentry","category-besattningssida"],"coauthors":[],"author_meta":{"author_link":"https:\/\/steamboat.se\/sv_se\/author\/stb2023-sp\/","display_name":"Ad"},"relative_dates":{"created":"Publicerad 1 \u00e5r sedan","modified":"Uppdaterad 1 \u00e5r sedan"},"absolute_dates":{"created":"Publicerat den 5 maj 2025","modified":"Uppdaterad den 5 maj 2025"},"absolute_dates_time":{"created":"Publicerat den 5 maj 2025 11:35","modified":"Uppdaterad den 5 maj 2025 11:44"},"featured_img_caption":"","featured_img":false,"series_order":"","_links":{"self":[{"href":"https:\/\/steamboat.se\/sv_se\/wp-json\/wp\/v2\/pages\/9274","targetHints":{"allow":["GET"]}}],"collection":[{"href":"https:\/\/steamboat.se\/sv_se\/wp-json\/wp\/v2\/pages"}],"about":[{"href":"https:\/\/steamboat.se\/sv_se\/wp-json\/wp\/v2\/types\/page"}],"author":[{"embeddable":true,"href":"https:\/\/steamboat.se\/sv_se\/wp-json\/wp\/v2\/users\/1"}],"replies":[{"embeddable":true,"href":"https:\/\/steamboat.se\/sv_se\/wp-json\/wp\/v2\/comments?post=9274"}],"version-history":[{"count":0,"href":"https:\/\/steamboat.se\/sv_se\/wp-json\/wp\/v2\/pages\/9274\/revisions"}],"wp:attachment":[{"href":"https:\/\/steamboat.se\/sv_se\/wp-json\/wp\/v2\/media?parent=9274"}],"wp:term":[{"taxonomy":"category","embeddable":true,"href":"https:\/\/steamboat.se\/sv_se\/wp-json\/wp\/v2\/categories?post=9274"},{"taxonomy":"post_tag","embeddable":true,"href":"https:\/\/steamboat.se\/sv_se\/wp-json\/wp\/v2\/tags?post=9274"}],"curies":[{"name":"wp","href":"https:\/\/api.w.org\/{rel}","templated":true}]}}